{"id":5212,"date":"2021-08-25T07:26:28","date_gmt":"2021-08-25T07:26:28","guid":{"rendered":"http:\/\/dummy.xtemos.com\/woodmart2\/?page_id=5212"},"modified":"2025-12-11T16:24:58","modified_gmt":"2025-12-11T16:24:58","slug":"apie-mus","status":"publish","type":"page","link":"https:\/\/a24.lt\/ru\/apie-mus\/","title":{"rendered":"Apie mus"},"content":{"rendered":"<div class=\"wpb-content-wrapper\"><div class=\"vc_row wpb_row vc_row-fluid vc_custom_1629877038080 row-reverse-mobile row-reverse-tablet wd-rs-6125f32826e3d\"><div class=\"wpb_column vc_column_container vc_col-sm-12 vc_col-lg-6 vc_col-md-6 wd-rs-6125f30edad72\"><div class=\"vc_column-inner vc_custom_1629877010833\"><div class=\"wpb_wrapper\">\t\t<div id=\"wd-660e972db5a35\" class=\"wd-image wd-wpb wd-rs-660e972db5a35 text-left vc_custom_1712232270169\">\n\t\t\t\n\t\t\t<img loading=\"lazy\" decoding=\"async\" width=\"560\" height=\"560\" src=\"https:\/\/a24.lt\/wp-content\/uploads\/2024\/04\/20191102_130937.webp\" class=\"attachment-full size-full\" alt=\"\" srcset=\"https:\/\/a24.lt\/wp-content\/uploads\/2024\/04\/20191102_130937.webp 560w, https:\/\/a24.lt\/wp-content\/uploads\/2024\/04\/20191102_130937-300x300.webp 300w, https:\/\/a24.lt\/wp-content\/uploads\/2024\/04\/20191102_130937-150x150.webp 150w\" sizes=\"auto, (max-width: 560px) 100vw, 560px\" \/>\n\t\t\t\t\t<\/div>\n\t\t<\/div><\/div><\/div><div class=\"wpb_column vc_column_container vc_col-sm-12 vc_col-lg-offset-1 vc_col-lg-5 vc_col-md-6 vc_col-xs-12 wd-rs-6125f320eb687\"><div class=\"vc_column-inner vc_custom_1629877027060\"><div class=\"wpb_wrapper\">\t\t\t<link rel=\"stylesheet\" id=\"wd-section-title-css\" href=\"https:\/\/a24.lt\/wp-content\/themes\/woodmart\/css\/parts\/el-section-title.min.css?ver=7.4.3\" type=\"text\/css\" media=\"all\" \/> \t\t\t\t\t\t<link rel=\"stylesheet\" id=\"wd-mod-highlighted-text-css\" href=\"https:\/\/a24.lt\/wp-content\/themes\/woodmart\/css\/parts\/mod-highlighted-text.min.css?ver=7.4.3\" type=\"text\/css\" media=\"all\" \/> \t\t\t\n\t\t<div id=\"wd-660e9766992a8\" class=\"title-wrapper wd-wpb set-mb-s reset-last-child  wd-rs-660e9766992a8 wd-title-color-primary wd-title-style-default text-left vc_custom_1712232304713 wd-underline-colored\">\n\t\t\t\n\t\t\t<div class=\"liner-continer\">\n\t\t\t\t<h4 class=\"woodmart-title-container title  wd-font-weight- wd-fontsize-xxl\" >APIE MUS<\/h4>\n\t\t\t\t\t\t\t<\/div>\n\t\t\t\n\t\t\t\n\t\t\t\n\t\t<\/div>\n\t\t\n\t\t\t\t\t<link rel=\"stylesheet\" id=\"wd-text-block-css\" href=\"https:\/\/a24.lt\/wp-content\/themes\/woodmart\/css\/parts\/el-text-block.min.css?ver=7.4.3\" type=\"text\/css\" media=\"all\" \/> \t\t\t\t\t<div id=\"wd-693af04e7b453\" class=\"wd-text-block wd-wpb reset-last-child wd-rs-693af04e7b453 text-left wd-fontsize-custom vc_custom_1765470295906\">\n\t\t\t<p>&#8211; Mokymuose daugiau nei 400 vaik\u0173<br \/>&#8211; Individualus prisitaikymas prie kiekvieno mokinio<br \/>&#8211; Linksmiausios gitaros pamokos Vilniuje<br \/>&#8211; Rezultatas jau po pirmos pamokos<br \/>&#8211; Daugiakalbis\u00a0(Lietuvi\u0173, Rus\u0173, Lenk\u0173, Angl\u0173)<\/p>\n\t\t<\/div>\n\t\t<div class=\"vc_separator wpb_content_element vc_separator_align_center vc_sep_width_100 vc_sep_pos_align_center vc_separator_no_text vc_custom_1615616514122\" ><span class=\"vc_sep_holder vc_sep_holder_l\"><span style=\"border-color:rgb(10,10,10);border-color:rgba(10,10,10,0.12);\" class=\"vc_sep_line\"><\/span><\/span><span class=\"vc_sep_holder vc_sep_holder_r\"><span style=\"border-color:rgb(10,10,10);border-color:rgba(10,10,10,0.12);\" class=\"vc_sep_line\"><\/span><\/span>\n<\/div><\/div><\/div><\/div><\/div>\n<\/div>","protected":false},"excerpt":{"rendered":"APIE MUS - Mokymuose daugiau nei 400 vaik\u0173- Individualus prisitaikymas prie kiekvieno mokinio- Linksmiausios gitaros pamokos Vilniuje- Rezultatas jau po","protected":false},"author":1,"featured_media":0,"parent":0,"menu_order":0,"comment_status":"closed","ping_status":"closed","template":"","meta":{"footnotes":""},"class_list":["post-5212","page","type-page","status-publish","hentry"],"yoast_head":"<!-- This site is optimized with the Yoast SEO plugin v22.5 - https:\/\/yoast.com\/wordpress\/plugins\/seo\/ -->\n<title>Apie mus - A24LT Gitaros pamok\u0173 studija<\/title>\n<meta name=\"description\" content=\"Skaitykite daugiau apie mus, m\u016bs\u0173 paslaugas ir naujausias naujienas! Susisiekite su mumis ir u\u017esiregistruokite \u012f pamokas arba stovyklas. Esame \u010dia, kad pad\u0117tume jums atrasti gro\u017e\u012f ir malonum\u0105 muzikos pasaulyje.\" \/>\n<meta name=\"robots\" content=\"index, follow, max-snippet:-1, max-image-preview:large, max-video-preview:-1\" \/>\n<link rel=\"canonical\" href=\"https:\/\/a24.lt\/ru\/apie-mus\/\" \/>\n<meta property=\"og:locale\" content=\"ru_RU\" \/>\n<meta property=\"og:type\" content=\"article\" \/>\n<meta property=\"og:title\" content=\"Apie mus - A24LT Gitaros pamok\u0173 studija\" \/>\n<meta property=\"og:description\" content=\"Skaitykite daugiau apie mus, m\u016bs\u0173 paslaugas ir naujausias naujienas! Susisiekite su mumis ir u\u017esiregistruokite \u012f pamokas arba stovyklas. Esame \u010dia, kad pad\u0117tume jums atrasti gro\u017e\u012f ir malonum\u0105 muzikos pasaulyje.\" \/>\n<meta property=\"og:url\" content=\"https:\/\/a24.lt\/ru\/apie-mus\/\" \/>\n<meta property=\"og:site_name\" content=\"A24LT Gitaros pamok\u0173 studija\" \/>\n<meta property=\"article:publisher\" content=\"https:\/\/www.facebook.com\/a24ltu\" \/>\n<meta property=\"article:modified_time\" content=\"2025-12-11T16:24:58+00:00\" \/>\n<meta name=\"twitter:card\" content=\"summary_large_image\" \/>\n<meta name=\"twitter:label1\" content=\"\u041f\u0440\u0438\u043c\u0435\u0440\u043d\u043e\u0435 \u0432\u0440\u0435\u043c\u044f \u0434\u043b\u044f \u0447\u0442\u0435\u043d\u0438\u044f\" \/>\n\t<meta name=\"twitter:data1\" content=\"3 \u043c\u0438\u043d\u0443\u0442\u044b\" \/>\n<script type=\"application\/ld+json\" class=\"yoast-schema-graph\">{\"@context\":\"https:\/\/schema.org\",\"@graph\":[{\"@type\":\"WebPage\",\"@id\":\"https:\/\/a24.lt\/apie-mus\/\",\"url\":\"https:\/\/a24.lt\/apie-mus\/\",\"name\":\"Apie mus - A24LT Gitaros pamok\u0173 studija\",\"isPartOf\":{\"@id\":\"https:\/\/a24.lt\/#website\"},\"datePublished\":\"2021-08-25T07:26:28+00:00\",\"dateModified\":\"2025-12-11T16:24:58+00:00\",\"description\":\"Skaitykite daugiau apie mus, m\u016bs\u0173 paslaugas ir naujausias naujienas! Susisiekite su mumis ir u\u017esiregistruokite \u012f pamokas arba stovyklas. Esame \u010dia, kad pad\u0117tume jums atrasti gro\u017e\u012f ir malonum\u0105 muzikos pasaulyje.\",\"breadcrumb\":{\"@id\":\"https:\/\/a24.lt\/apie-mus\/#breadcrumb\"},\"inLanguage\":\"ru-RU\",\"potentialAction\":[{\"@type\":\"ReadAction\",\"target\":[\"https:\/\/a24.lt\/apie-mus\/\"]}]},{\"@type\":\"BreadcrumbList\",\"@id\":\"https:\/\/a24.lt\/apie-mus\/#breadcrumb\",\"itemListElement\":[{\"@type\":\"ListItem\",\"position\":1,\"name\":\"Home\",\"item\":\"https:\/\/a24.lt\/\"},{\"@type\":\"ListItem\",\"position\":2,\"name\":\"Apie mus\"}]},{\"@type\":\"WebSite\",\"@id\":\"https:\/\/a24.lt\/#website\",\"url\":\"https:\/\/a24.lt\/\",\"name\":\"Gitaros Pamokos\",\"description\":\"\",\"publisher\":{\"@id\":\"https:\/\/a24.lt\/#organization\"},\"potentialAction\":[{\"@type\":\"SearchAction\",\"target\":{\"@type\":\"EntryPoint\",\"urlTemplate\":\"https:\/\/a24.lt\/?s={search_term_string}\"},\"query-input\":\"required name=search_term_string\"}],\"inLanguage\":\"ru-RU\"},{\"@type\":\"Organization\",\"@id\":\"https:\/\/a24.lt\/#organization\",\"name\":\"Gitaros Pamokos\",\"url\":\"https:\/\/a24.lt\/\",\"logo\":{\"@type\":\"ImageObject\",\"inLanguage\":\"ru-RU\",\"@id\":\"https:\/\/a24.lt\/#\/schema\/logo\/image\/\",\"url\":\"https:\/\/a24.lt\/wp-content\/uploads\/2024\/03\/1-2.png\",\"contentUrl\":\"https:\/\/a24.lt\/wp-content\/uploads\/2024\/03\/1-2.png\",\"width\":5000,\"height\":1624,\"caption\":\"Gitaros Pamokos\"},\"image\":{\"@id\":\"https:\/\/a24.lt\/#\/schema\/logo\/image\/\"},\"sameAs\":[\"https:\/\/www.facebook.com\/a24ltu\",\"https:\/\/www.instagram.com\/a24ltu\/\",\"https:\/\/www.youtube.com\/@A24LT\",\"https:\/\/www.tiktok.com\/@a24ltu\"]}]}<\/script>\n<!-- \/ Yoast SEO plugin. -->","yoast_head_json":{"title":"Apie mus - A24LT Gitaros pamok\u0173 studija","description":"Skaitykite daugiau apie mus, m\u016bs\u0173 paslaugas ir naujausias naujienas! Susisiekite su mumis ir u\u017esiregistruokite \u012f pamokas arba stovyklas. Esame \u010dia, kad pad\u0117tume jums atrasti gro\u017e\u012f ir malonum\u0105 muzikos pasaulyje.","robots":{"index":"index","follow":"follow","max-snippet":"max-snippet:-1","max-image-preview":"max-image-preview:large","max-video-preview":"max-video-preview:-1"},"canonical":"https:\/\/a24.lt\/ru\/apie-mus\/","og_locale":"ru_RU","og_type":"article","og_title":"Apie mus - A24LT Gitaros pamok\u0173 studija","og_description":"Skaitykite daugiau apie mus, m\u016bs\u0173 paslaugas ir naujausias naujienas! Susisiekite su mumis ir u\u017esiregistruokite \u012f pamokas arba stovyklas. Esame \u010dia, kad pad\u0117tume jums atrasti gro\u017e\u012f ir malonum\u0105 muzikos pasaulyje.","og_url":"https:\/\/a24.lt\/ru\/apie-mus\/","og_site_name":"A24LT Gitaros pamok\u0173 studija","article_publisher":"https:\/\/www.facebook.com\/a24ltu","article_modified_time":"2025-12-11T16:24:58+00:00","twitter_card":"summary_large_image","twitter_misc":{"\u041f\u0440\u0438\u043c\u0435\u0440\u043d\u043e\u0435 \u0432\u0440\u0435\u043c\u044f \u0434\u043b\u044f \u0447\u0442\u0435\u043d\u0438\u044f":"3 \u043c\u0438\u043d\u0443\u0442\u044b"},"schema":{"@context":"https:\/\/schema.org","@graph":[{"@type":"WebPage","@id":"https:\/\/a24.lt\/apie-mus\/","url":"https:\/\/a24.lt\/apie-mus\/","name":"Apie mus - A24LT Gitaros pamok\u0173 studija","isPartOf":{"@id":"https:\/\/a24.lt\/#website"},"datePublished":"2021-08-25T07:26:28+00:00","dateModified":"2025-12-11T16:24:58+00:00","description":"Skaitykite daugiau apie mus, m\u016bs\u0173 paslaugas ir naujausias naujienas! Susisiekite su mumis ir u\u017esiregistruokite \u012f pamokas arba stovyklas. Esame \u010dia, kad pad\u0117tume jums atrasti gro\u017e\u012f ir malonum\u0105 muzikos pasaulyje.","breadcrumb":{"@id":"https:\/\/a24.lt\/apie-mus\/#breadcrumb"},"inLanguage":"ru-RU","potentialAction":[{"@type":"ReadAction","target":["https:\/\/a24.lt\/apie-mus\/"]}]},{"@type":"BreadcrumbList","@id":"https:\/\/a24.lt\/apie-mus\/#breadcrumb","itemListElement":[{"@type":"ListItem","position":1,"name":"Home","item":"https:\/\/a24.lt\/"},{"@type":"ListItem","position":2,"name":"Apie mus"}]},{"@type":"WebSite","@id":"https:\/\/a24.lt\/#website","url":"https:\/\/a24.lt\/","name":"Gitaros Pamokos","description":"","publisher":{"@id":"https:\/\/a24.lt\/#organization"},"potentialAction":[{"@type":"SearchAction","target":{"@type":"EntryPoint","urlTemplate":"https:\/\/a24.lt\/?s={search_term_string}"},"query-input":"required name=search_term_string"}],"inLanguage":"ru-RU"},{"@type":"Organization","@id":"https:\/\/a24.lt\/#organization","name":"Gitaros Pamokos","url":"https:\/\/a24.lt\/","logo":{"@type":"ImageObject","inLanguage":"ru-RU","@id":"https:\/\/a24.lt\/#\/schema\/logo\/image\/","url":"https:\/\/a24.lt\/wp-content\/uploads\/2024\/03\/1-2.png","contentUrl":"https:\/\/a24.lt\/wp-content\/uploads\/2024\/03\/1-2.png","width":5000,"height":1624,"caption":"Gitaros Pamokos"},"image":{"@id":"https:\/\/a24.lt\/#\/schema\/logo\/image\/"},"sameAs":["https:\/\/www.facebook.com\/a24ltu","https:\/\/www.instagram.com\/a24ltu\/","https:\/\/www.youtube.com\/@A24LT","https:\/\/www.tiktok.com\/@a24ltu"]}]}},"_links":{"self":[{"href":"https:\/\/a24.lt\/ru\/wp-json\/wp\/v2\/pages\/5212","targetHints":{"allow":["GET"]}}],"collection":[{"href":"https:\/\/a24.lt\/ru\/wp-json\/wp\/v2\/pages"}],"about":[{"href":"https:\/\/a24.lt\/ru\/wp-json\/wp\/v2\/types\/page"}],"author":[{"embeddable":true,"href":"https:\/\/a24.lt\/ru\/wp-json\/wp\/v2\/users\/1"}],"replies":[{"embeddable":true,"href":"https:\/\/a24.lt\/ru\/wp-json\/wp\/v2\/comments?post=5212"}],"version-history":[{"count":5,"href":"https:\/\/a24.lt\/ru\/wp-json\/wp\/v2\/pages\/5212\/revisions"}],"predecessor-version":[{"id":10457,"href":"https:\/\/a24.lt\/ru\/wp-json\/wp\/v2\/pages\/5212\/revisions\/10457"}],"wp:attachment":[{"href":"https:\/\/a24.lt\/ru\/wp-json\/wp\/v2\/media?parent=5212"}],"curies":[{"name":"wp","href":"https:\/\/api.w.org\/{rel}","templated":true}]}}