{"id":5288,"date":"2021-08-25T09:00:10","date_gmt":"2021-08-25T09:00:10","guid":{"rendered":"http:\/\/dummy.xtemos.com\/woodmart2\/?page_id=5288"},"modified":"2026-01-23T11:29:47","modified_gmt":"2026-01-23T11:29:47","slug":"kontaktai","status":"publish","type":"page","link":"https:\/\/a24.lt\/ru\/kontaktai\/","title":{"rendered":"Kontaktai"},"content":{"rendered":"<div class=\"wpb-content-wrapper\"><div data-vc-full-width=\"true\" data-vc-full-width-init=\"false\" data-vc-stretch-content=\"true\" class=\"vc_row wpb_row vc_row-fluid vc_custom_1635871490467 vc_row-no-padding wd-rs-61816afa77f62\"><div class=\"wpb_column vc_column_container vc_col-sm-12\"><div class=\"vc_column-inner\"><div class=\"wpb_wrapper\">\n\t<div class=\"wpb_text_column wpb_content_element\" >\n\t\t<div class=\"wpb_wrapper\">\n\t\t\t<div style=\"max-width: 100%; overflow: hidden; color: red; width: 100%; height: 400px;\">\n<div id=\"g-mapdisplay\" style=\"height: 100%; width: 100%; max-width: 100%;\"><iframe style=\"height: 100%; width: 100%; border: 0;\" src=\"https:\/\/www.google.com\/maps\/embed\/v1\/search?q=Laisv\u0117s+pr.+58,+Vilnius,+Vilnius+City+Municipality,+Lithuania&amp;key=AIzaSyBFw0Qbyq9zTFTd-tUY6dZWTgaQzuU17R8\" frameborder=\"0\"><\/iframe><\/div>\n<p>&nbsp;\n<\/p><\/div>\n\n\t\t<\/div>\n\t<\/div>\n<\/div><\/div><\/div><\/div><div class=\"vc_row-full-width vc_clearfix\"><\/div><div class=\"vc_row wpb_row vc_row-fluid vc_custom_1496926452255 vc_row-o-equal-height vc_row-flex\"><div class=\"wpb_column vc_column_container vc_col-sm-12 vc_col-lg-6 vc_col-md-6 vc_col-has-fill\"><div class=\"vc_column-inner vc_custom_1496927710186\"><div class=\"wpb_wrapper\">\t\t\t<link rel=\"stylesheet\" id=\"wd-section-title-css\" href=\"https:\/\/a24.lt\/wp-content\/themes\/woodmart\/css\/parts\/el-section-title.min.css?ver=7.4.3\" type=\"text\/css\" media=\"all\" \/> \t\t\t\t\t\t<link rel=\"stylesheet\" id=\"wd-mod-highlighted-text-css\" href=\"https:\/\/a24.lt\/wp-content\/themes\/woodmart\/css\/parts\/mod-highlighted-text.min.css?ver=7.4.3\" type=\"text\/css\" media=\"all\" \/> \t\t\t\n\t\t<div id=\"wd-66053a6a04ea8\" class=\"title-wrapper wd-wpb set-mb-s reset-last-child  wd-rs-66053a6a04ea8 wd-title-color-default wd-title-style-default text-left  wd-underline-colored\">\n\t\t\t\n\t\t\t<div class=\"liner-continer\">\n\t\t\t\t<h4 class=\"woodmart-title-container title  wd-font-weight- wd-fontsize-l\" >Kontaktai<\/h4>\n\t\t\t\t\t\t\t<\/div>\n\t\t\t\n\t\t\t\n\t\t\t\n\t\t<\/div>\n\t\t\n\t\t\n\t<div class=\"wpb_text_column wpb_content_element\" >\n\t\t<div class=\"wpb_wrapper\">\n\t\t\t<p>Telefonas: <a href=\"tel: 37060240004\">+370 6024 0004<\/a><\/p>\n<p>E-pa\u0161tas: info@a24.lt<br \/>\nVilnius, Laisv\u0117s pr. 58-1<\/p>\n\n\t\t<\/div>\n\t<\/div>\n<\/div><\/div><\/div><div class=\"wpb_column vc_column_container vc_col-sm-12 vc_col-lg-6 vc_col-md-6\"><div class=\"vc_column-inner vc_custom_1496927688909\"><div class=\"wpb_wrapper\">\n\t\t<div id=\"wd-66053a94379b8\" class=\"title-wrapper wd-wpb set-mb-s reset-last-child  wd-rs-66053a94379b8 wd-title-color-default wd-title-style-default text-left  wd-underline-colored\">\n\t\t\t\n\t\t\t<div class=\"liner-continer\">\n\t\t\t\t<h4 class=\"woodmart-title-container title  wd-font-weight- wd-fontsize-l\" >SUSISIEKITE SU MUMIS<\/h4>\n\t\t\t\t\t\t\t<\/div>\n\t\t\t\n\t\t\t\n\t\t\t\n\t\t<\/div>\n\t\t\n\t\t\n<div class=\"wpcf7 no-js\" id=\"wpcf7-f1938-o1\" lang=\"en-US\" dir=\"ltr\">\n<div class=\"screen-reader-response\"><p role=\"status\" aria-live=\"polite\" aria-atomic=\"true\"><\/p> <ul><\/ul><\/div>\n<form action=\"\/ru\/wp-json\/wp\/v2\/pages\/5288#wpcf7-f1938-o1\" method=\"post\" class=\"wpcf7-form init\" aria-label=\"Contact form\" novalidate=\"novalidate\" data-status=\"init\" data-trp-original-action=\"\/ru\/wp-json\/wp\/v2\/pages\/5288#wpcf7-f1938-o1\">\n<div style=\"display: none;\">\n<input type=\"hidden\" name=\"_wpcf7\" value=\"1938\" \/>\n<input type=\"hidden\" name=\"_wpcf7_version\" value=\"5.9.3\" \/>\n<input type=\"hidden\" name=\"_wpcf7_locale\" value=\"en_US\" \/>\n<input type=\"hidden\" name=\"_wpcf7_unit_tag\" value=\"wpcf7-f1938-o1\" \/>\n<input type=\"hidden\" name=\"_wpcf7_container_post\" value=\"0\" \/>\n<input type=\"hidden\" name=\"_wpcf7_posted_data_hash\" value=\"\" \/>\n<\/div>\n<div class=\"row\">\n\t<p class=\"col-md-6\"><label>Vardas<\/label><span class=\"wpcf7-form-control-wrap\" data-name=\"your-name\"><input size=\"40\" class=\"wpcf7-form-control wpcf7-text wpcf7-validates-as-required\" aria-required=\"true\" aria-invalid=\"false\" value=\"\" type=\"text\" name=\"your-name\" \/><\/span>\n\t<\/p>\n\t<p class=\"col-md-6\"><label>El.pa\u0161tas<\/label><span class=\"wpcf7-form-control-wrap\" data-name=\"your-email\"><input size=\"40\" class=\"wpcf7-form-control wpcf7-email wpcf7-validates-as-required wpcf7-text wpcf7-validates-as-email\" aria-required=\"true\" aria-invalid=\"false\" value=\"\" type=\"email\" name=\"your-email\" \/><\/span>\n\t<\/p>\n<\/div>\n<div class=\"row\">\n\t<p class=\"col-md-6\"><label>Telefono nr.<\/label><span class=\"wpcf7-form-control-wrap\" data-name=\"tel-767\"><input size=\"40\" class=\"wpcf7-form-control wpcf7-tel wpcf7-validates-as-required wpcf7-text wpcf7-validates-as-tel\" aria-required=\"true\" aria-invalid=\"false\" value=\"\" type=\"tel\" name=\"tel-767\" \/><\/span>\n\t<\/p>\n\t<p class=\"col-md-6\"><label>Tema<\/label><span class=\"wpcf7-form-control-wrap\" data-name=\"text-1\"><input size=\"40\" class=\"wpcf7-form-control wpcf7-text\" aria-invalid=\"false\" value=\"\" type=\"text\" name=\"text-1\" \/><\/span>\n\t<\/p>\n<\/div>\n<p><label>\u017dinut\u0117<\/label><span class=\"wpcf7-form-control-wrap\" data-name=\"your-message\"><textarea cols=\"40\" rows=\"10\" class=\"wpcf7-form-control wpcf7-textarea\" aria-invalid=\"false\" name=\"your-message\"><\/textarea><\/span>\n<\/p>\n<p><input class=\"wpcf7-form-control wpcf7-submit has-spinner btn-color-black\" type=\"submit\" value=\"Si\u0173sti\" \/>\n<\/p><div class=\"wpcf7-response-output\" aria-hidden=\"true\"><\/div>\n<input type=\"hidden\" name=\"trp-form-language\" value=\"ru\"\/><\/form>\n<\/div>\n<\/div><\/div><\/div><\/div>\n<\/div>","protected":false},"excerpt":{"rendered":"&nbsp; Kontaktai Telefonas: +370 6024 0004 E-pa\u0161tas: info@a24.lt Vilnius, Laisv\u0117s pr. 58-1 SUSISIEKITE SU MUMIS Vardas El.pa\u0161tas Telefono nr. Tema","protected":false},"author":1,"featured_media":0,"parent":0,"menu_order":0,"comment_status":"closed","ping_status":"closed","template":"","meta":{"footnotes":""},"class_list":["post-5288","page","type-page","status-publish","hentry"],"yoast_head":"<!-- This site is optimized with the Yoast SEO plugin v22.5 - https:\/\/yoast.com\/wordpress\/plugins\/seo\/ -->\n<title>Kontaktai - A24LT Gitaros pamok\u0173 studija<\/title>\n<meta name=\"description\" content=\"Turite klausim\u0173 ar norite u\u017esiregistruoti \u012f bandom\u0105j\u0105 pamok\u0105? Susisiekite su m\u016bs\u0173 draugi\u0161ku komanda! Mes esame pasiekiami Vilniuje, Kaune ir online. Atsakysime \u012f visus J\u016bs\u0173 klausimus ir pad\u0117sime prad\u0117ti muzikin\u0119 kelion\u0119 su Studija A24.\" \/>\n<meta name=\"robots\" content=\"index, follow, max-snippet:-1, max-image-preview:large, max-video-preview:-1\" \/>\n<link rel=\"canonical\" href=\"https:\/\/a24.lt\/ru\/kontaktai\/\" \/>\n<meta property=\"og:locale\" content=\"ru_RU\" \/>\n<meta property=\"og:type\" content=\"article\" \/>\n<meta property=\"og:title\" content=\"Kontaktai - A24LT Gitaros pamok\u0173 studija\" \/>\n<meta property=\"og:description\" content=\"Turite klausim\u0173 ar norite u\u017esiregistruoti \u012f bandom\u0105j\u0105 pamok\u0105? Susisiekite su m\u016bs\u0173 draugi\u0161ku komanda! Mes esame pasiekiami Vilniuje, Kaune ir online. Atsakysime \u012f visus J\u016bs\u0173 klausimus ir pad\u0117sime prad\u0117ti muzikin\u0119 kelion\u0119 su Studija A24.\" \/>\n<meta property=\"og:url\" content=\"https:\/\/a24.lt\/ru\/kontaktai\/\" \/>\n<meta property=\"og:site_name\" content=\"A24LT Gitaros pamok\u0173 studija\" \/>\n<meta property=\"article:publisher\" content=\"https:\/\/www.facebook.com\/a24ltu\" \/>\n<meta property=\"article:modified_time\" content=\"2026-01-23T11:29:47+00:00\" \/>\n<meta name=\"twitter:card\" content=\"summary_large_image\" \/>\n<meta name=\"twitter:label1\" content=\"\u041f\u0440\u0438\u043c\u0435\u0440\u043d\u043e\u0435 \u0432\u0440\u0435\u043c\u044f \u0434\u043b\u044f \u0447\u0442\u0435\u043d\u0438\u044f\" \/>\n\t<meta name=\"twitter:data1\" content=\"1 \u043c\u0438\u043d\u0443\u0442\u0430\" \/>\n<script type=\"application\/ld+json\" class=\"yoast-schema-graph\">{\"@context\":\"https:\/\/schema.org\",\"@graph\":[{\"@type\":\"WebPage\",\"@id\":\"https:\/\/a24.lt\/kontaktai\/\",\"url\":\"https:\/\/a24.lt\/kontaktai\/\",\"name\":\"Kontaktai - A24LT Gitaros pamok\u0173 studija\",\"isPartOf\":{\"@id\":\"https:\/\/a24.lt\/#website\"},\"datePublished\":\"2021-08-25T09:00:10+00:00\",\"dateModified\":\"2026-01-23T11:29:47+00:00\",\"description\":\"Turite klausim\u0173 ar norite u\u017esiregistruoti \u012f bandom\u0105j\u0105 pamok\u0105? Susisiekite su m\u016bs\u0173 draugi\u0161ku komanda! Mes esame pasiekiami Vilniuje, Kaune ir online. Atsakysime \u012f visus J\u016bs\u0173 klausimus ir pad\u0117sime prad\u0117ti muzikin\u0119 kelion\u0119 su Studija A24.\",\"breadcrumb\":{\"@id\":\"https:\/\/a24.lt\/kontaktai\/#breadcrumb\"},\"inLanguage\":\"ru-RU\",\"potentialAction\":[{\"@type\":\"ReadAction\",\"target\":[\"https:\/\/a24.lt\/kontaktai\/\"]}]},{\"@type\":\"BreadcrumbList\",\"@id\":\"https:\/\/a24.lt\/kontaktai\/#breadcrumb\",\"itemListElement\":[{\"@type\":\"ListItem\",\"position\":1,\"name\":\"Home\",\"item\":\"https:\/\/a24.lt\/\"},{\"@type\":\"ListItem\",\"position\":2,\"name\":\"Kontaktai\"}]},{\"@type\":\"WebSite\",\"@id\":\"https:\/\/a24.lt\/#website\",\"url\":\"https:\/\/a24.lt\/\",\"name\":\"Gitaros Pamokos\",\"description\":\"\",\"publisher\":{\"@id\":\"https:\/\/a24.lt\/#organization\"},\"potentialAction\":[{\"@type\":\"SearchAction\",\"target\":{\"@type\":\"EntryPoint\",\"urlTemplate\":\"https:\/\/a24.lt\/?s={search_term_string}\"},\"query-input\":\"required name=search_term_string\"}],\"inLanguage\":\"ru-RU\"},{\"@type\":\"Organization\",\"@id\":\"https:\/\/a24.lt\/#organization\",\"name\":\"Gitaros Pamokos\",\"url\":\"https:\/\/a24.lt\/\",\"logo\":{\"@type\":\"ImageObject\",\"inLanguage\":\"ru-RU\",\"@id\":\"https:\/\/a24.lt\/#\/schema\/logo\/image\/\",\"url\":\"https:\/\/a24.lt\/wp-content\/uploads\/2024\/03\/1-2.png\",\"contentUrl\":\"https:\/\/a24.lt\/wp-content\/uploads\/2024\/03\/1-2.png\",\"width\":5000,\"height\":1624,\"caption\":\"Gitaros Pamokos\"},\"image\":{\"@id\":\"https:\/\/a24.lt\/#\/schema\/logo\/image\/\"},\"sameAs\":[\"https:\/\/www.facebook.com\/a24ltu\",\"https:\/\/www.instagram.com\/a24ltu\/\",\"https:\/\/www.youtube.com\/@A24LT\",\"https:\/\/www.tiktok.com\/@a24ltu\"]}]}<\/script>\n<!-- \/ Yoast SEO plugin. -->","yoast_head_json":{"title":"Kontaktai - A24LT Gitaros pamok\u0173 studija","description":"Turite klausim\u0173 ar norite u\u017esiregistruoti \u012f bandom\u0105j\u0105 pamok\u0105? Susisiekite su m\u016bs\u0173 draugi\u0161ku komanda! Mes esame pasiekiami Vilniuje, Kaune ir online. Atsakysime \u012f visus J\u016bs\u0173 klausimus ir pad\u0117sime prad\u0117ti muzikin\u0119 kelion\u0119 su Studija A24.","robots":{"index":"index","follow":"follow","max-snippet":"max-snippet:-1","max-image-preview":"max-image-preview:large","max-video-preview":"max-video-preview:-1"},"canonical":"https:\/\/a24.lt\/ru\/kontaktai\/","og_locale":"ru_RU","og_type":"article","og_title":"Kontaktai - A24LT Gitaros pamok\u0173 studija","og_description":"Turite klausim\u0173 ar norite u\u017esiregistruoti \u012f bandom\u0105j\u0105 pamok\u0105? Susisiekite su m\u016bs\u0173 draugi\u0161ku komanda! Mes esame pasiekiami Vilniuje, Kaune ir online. Atsakysime \u012f visus J\u016bs\u0173 klausimus ir pad\u0117sime prad\u0117ti muzikin\u0119 kelion\u0119 su Studija A24.","og_url":"https:\/\/a24.lt\/ru\/kontaktai\/","og_site_name":"A24LT Gitaros pamok\u0173 studija","article_publisher":"https:\/\/www.facebook.com\/a24ltu","article_modified_time":"2026-01-23T11:29:47+00:00","twitter_card":"summary_large_image","twitter_misc":{"\u041f\u0440\u0438\u043c\u0435\u0440\u043d\u043e\u0435 \u0432\u0440\u0435\u043c\u044f \u0434\u043b\u044f \u0447\u0442\u0435\u043d\u0438\u044f":"1 \u043c\u0438\u043d\u0443\u0442\u0430"},"schema":{"@context":"https:\/\/schema.org","@graph":[{"@type":"WebPage","@id":"https:\/\/a24.lt\/kontaktai\/","url":"https:\/\/a24.lt\/kontaktai\/","name":"Kontaktai - A24LT Gitaros pamok\u0173 studija","isPartOf":{"@id":"https:\/\/a24.lt\/#website"},"datePublished":"2021-08-25T09:00:10+00:00","dateModified":"2026-01-23T11:29:47+00:00","description":"Turite klausim\u0173 ar norite u\u017esiregistruoti \u012f bandom\u0105j\u0105 pamok\u0105? Susisiekite su m\u016bs\u0173 draugi\u0161ku komanda! Mes esame pasiekiami Vilniuje, Kaune ir online. Atsakysime \u012f visus J\u016bs\u0173 klausimus ir pad\u0117sime prad\u0117ti muzikin\u0119 kelion\u0119 su Studija A24.","breadcrumb":{"@id":"https:\/\/a24.lt\/kontaktai\/#breadcrumb"},"inLanguage":"ru-RU","potentialAction":[{"@type":"ReadAction","target":["https:\/\/a24.lt\/kontaktai\/"]}]},{"@type":"BreadcrumbList","@id":"https:\/\/a24.lt\/kontaktai\/#breadcrumb","itemListElement":[{"@type":"ListItem","position":1,"name":"Home","item":"https:\/\/a24.lt\/"},{"@type":"ListItem","position":2,"name":"Kontaktai"}]},{"@type":"WebSite","@id":"https:\/\/a24.lt\/#website","url":"https:\/\/a24.lt\/","name":"Gitaros Pamokos","description":"","publisher":{"@id":"https:\/\/a24.lt\/#organization"},"potentialAction":[{"@type":"SearchAction","target":{"@type":"EntryPoint","urlTemplate":"https:\/\/a24.lt\/?s={search_term_string}"},"query-input":"required name=search_term_string"}],"inLanguage":"ru-RU"},{"@type":"Organization","@id":"https:\/\/a24.lt\/#organization","name":"Gitaros Pamokos","url":"https:\/\/a24.lt\/","logo":{"@type":"ImageObject","inLanguage":"ru-RU","@id":"https:\/\/a24.lt\/#\/schema\/logo\/image\/","url":"https:\/\/a24.lt\/wp-content\/uploads\/2024\/03\/1-2.png","contentUrl":"https:\/\/a24.lt\/wp-content\/uploads\/2024\/03\/1-2.png","width":5000,"height":1624,"caption":"Gitaros Pamokos"},"image":{"@id":"https:\/\/a24.lt\/#\/schema\/logo\/image\/"},"sameAs":["https:\/\/www.facebook.com\/a24ltu","https:\/\/www.instagram.com\/a24ltu\/","https:\/\/www.youtube.com\/@A24LT","https:\/\/www.tiktok.com\/@a24ltu"]}]}},"_links":{"self":[{"href":"https:\/\/a24.lt\/ru\/wp-json\/wp\/v2\/pages\/5288","targetHints":{"allow":["GET"]}}],"collection":[{"href":"https:\/\/a24.lt\/ru\/wp-json\/wp\/v2\/pages"}],"about":[{"href":"https:\/\/a24.lt\/ru\/wp-json\/wp\/v2\/types\/page"}],"author":[{"embeddable":true,"href":"https:\/\/a24.lt\/ru\/wp-json\/wp\/v2\/users\/1"}],"replies":[{"embeddable":true,"href":"https:\/\/a24.lt\/ru\/wp-json\/wp\/v2\/comments?post=5288"}],"version-history":[{"count":13,"href":"https:\/\/a24.lt\/ru\/wp-json\/wp\/v2\/pages\/5288\/revisions"}],"predecessor-version":[{"id":10605,"href":"https:\/\/a24.lt\/ru\/wp-json\/wp\/v2\/pages\/5288\/revisions\/10605"}],"wp:attachment":[{"href":"https:\/\/a24.lt\/ru\/wp-json\/wp\/v2\/media?parent=5288"}],"curies":[{"name":"wp","href":"https:\/\/api.w.org\/{rel}","templated":true}]}}