{"id":9448,"date":"2024-04-02T17:40:59","date_gmt":"2024-04-02T17:40:59","guid":{"rendered":"https:\/\/a24.lt\/?page_id=9448"},"modified":"2026-01-23T11:30:59","modified_gmt":"2026-01-23T11:30:59","slug":"mokytojai","status":"publish","type":"page","link":"https:\/\/a24.lt\/ru\/mokytojai\/","title":{"rendered":"Mokytojai"},"content":{"rendered":"<div class=\"wpb-content-wrapper\"><div class=\"vc_row wpb_row vc_row-fluid vc_custom_1726141237507 vc_row-o-equal-height vc_row-flex wd-rs-66e2d31346659\"><div class=\"wpb_column vc_column_container vc_col-sm-12\"><div class=\"vc_column-inner vc_custom_1615616838746\"><div class=\"wpb_wrapper\">\t\t\t<link rel=\"stylesheet\" id=\"wd-section-title-css\" href=\"https:\/\/a24.lt\/wp-content\/themes\/woodmart\/css\/parts\/el-section-title.min.css?ver=7.4.3\" type=\"text\/css\" media=\"all\" \/> \t\t\t\t\t\t<link rel=\"stylesheet\" id=\"wd-mod-highlighted-text-css\" href=\"https:\/\/a24.lt\/wp-content\/themes\/woodmart\/css\/parts\/mod-highlighted-text.min.css?ver=7.4.3\" type=\"text\/css\" media=\"all\" \/> \t\t\t\n\t\t<div id=\"wd-6645a574d7e75\" class=\"title-wrapper wd-wpb set-mb-s reset-last-child  wd-rs-6645a574d7e75 wd-title-color-default wd-title-style-default text-left vc_custom_1715840377222 wd-underline-colored\">\n\t\t\t\n\t\t\t<div class=\"liner-continer\">\n\t\t\t\t<h2 class=\"woodmart-title-container title  wd-font-weight- wd-fontsize-xxxl\" >M\u016aS\u0172 MOKYTOJAI<\/h2>\n\t\t\t\t\t\t\t<\/div>\n\t\t\t\n\t\t\t\t\t\t\t<div class=\"title-after_title  set-cont-mb-s reset-last-child  wd-fontsize-s\">S\u0117kmingiems rezultatams svarbu komfortas, tarpusavio supratimas ir draugi\u0161ka atmosfera.<\/div>\n\t\t\t\n\t\t\t\n\t\t<\/div>\n\t\t\n\t\t\t\t\t<link rel=\"stylesheet\" id=\"wd-swiper-css\" href=\"https:\/\/a24.lt\/wp-content\/themes\/woodmart\/css\/parts\/lib-swiper.min.css?ver=7.4.3\" type=\"text\/css\" media=\"all\" \/> \t\t\t\t\t\t<div id=\"wd-rs-\" class=\"wd-nested-carousel wd-carousel-container wd-wpb\">\n\t\t\t\t<div class=\"wd-carousel-inner\">\n\t\t\t\t\t<div class=\"wd-carousel wd-grid\" data-scroll_per_page=\"yes\" style=\"--wd-col-lg:3;--wd-col-md:3;--wd-col-sm:1;--wd-gap-lg:30px;--wd-gap-sm:10px;\">\n\t\t\t\t\t\t<div class=\"wd-carousel-wrap\">\n\t\t\t\t\t\t\t\t\t<div class=\"wd-carousel-item\">\n\t\t\t\t\t\t<link rel=\"stylesheet\" id=\"wd-info-box-css\" href=\"https:\/\/a24.lt\/wp-content\/themes\/woodmart\/css\/parts\/el-info-box.min.css?ver=7.4.3\" type=\"text\/css\" media=\"all\" \/> \t\t\t\t\t\t<div class=\"info-box-wrapper\">\n\t\t\t\t<div id=\"wd-6850425ba3c44\" class=\"wd-rs-6850425ba3c44 wd-info-box wd-wpb text-center box-icon-align-top box-style- color-scheme- wd-bg-none\">\n\t\t\t\t\t\t\t\t\t\t\t<div class=\"box-icon-wrapper  box-with-icon box-icon-simple\">\n\t\t\t\t\t\t\t<div class=\"info-box-icon\">\n\n\t\t\t\t\t\t\t\n\t\t\t\t\t\t\t\t\t\t\t\t\t\t\t\t\t<img loading=\"lazy\" decoding=\"async\" width=\"300\" height=\"300\" src=\"https:\/\/a24.lt\/wp-content\/uploads\/2025\/06\/IMG_7873-photoaidcom-cropped-300x300.png\" class=\"attachment-medium size-medium\" alt=\"\" srcset=\"https:\/\/a24.lt\/wp-content\/uploads\/2025\/06\/IMG_7873-photoaidcom-cropped-300x300.png 300w, https:\/\/a24.lt\/wp-content\/uploads\/2025\/06\/IMG_7873-photoaidcom-cropped-800x800.png 800w, https:\/\/a24.lt\/wp-content\/uploads\/2025\/06\/IMG_7873-photoaidcom-cropped-150x150.png 150w, https:\/\/a24.lt\/wp-content\/uploads\/2025\/06\/IMG_7873-photoaidcom-cropped-768x768.png 768w, https:\/\/a24.lt\/wp-content\/uploads\/2025\/06\/IMG_7873-photoaidcom-cropped-1536x1536.png 1536w, https:\/\/a24.lt\/wp-content\/uploads\/2025\/06\/IMG_7873-photoaidcom-cropped-2048x2048.png 2048w, https:\/\/a24.lt\/wp-content\/uploads\/2025\/06\/IMG_7873-photoaidcom-cropped-12x12.png 12w\" sizes=\"auto, (max-width: 300px) 100vw, 300px\" \/>\t\t\t\t\t\t\t\t\t\t\t\t\t\t\t\n\t\t\t\t\t\t\t<\/div>\n\t\t\t\t\t\t<\/div>\n\t\t\t\t\t\t\t\t\t\t<div class=\"info-box-content\">\n\t\t\t\t\t\t<h4 class=\"info-box-title title box-title-style-default wd-fontsize-m\">Mantas<\/h4>\t\t\t\t\t\t<div class=\"info-box-inner set-cont-mb-s reset-last-child\"><p>Kauno gitaros mokytojas<\/p>\n<p>Grojimo patirtis: 8m.<br \/>\nLT\/ENG<\/p>\n<\/div>\n\n\t\t\t\t\t\t\t\t\t\t\t<\/div>\n\n\t\t\t\t\t\n\t\t\t\t\t\t\t\t\t<\/div>\n\t\t\t<\/div>\n\t\t\t\t<\/div>\n\t\t\t\t<div class=\"wd-carousel-item\">\n\t\t\t\t\t\t<div class=\"info-box-wrapper\">\n\t\t\t\t<div id=\"wd-6850426a83c2b\" class=\"wd-rs-6850426a83c2b wd-info-box wd-wpb text-center box-icon-align-top box-style- color-scheme- wd-bg-none\">\n\t\t\t\t\t\t\t\t\t\t\t<div class=\"box-icon-wrapper  box-with-icon box-icon-simple\">\n\t\t\t\t\t\t\t<div class=\"info-box-icon\">\n\n\t\t\t\t\t\t\t\n\t\t\t\t\t\t\t\t\t\t\t\t\t\t\t\t\t<img loading=\"lazy\" decoding=\"async\" width=\"300\" height=\"300\" src=\"https:\/\/a24.lt\/wp-content\/uploads\/2025\/06\/IMG_7874-photoaidcom-cropped-300x300.png\" class=\"attachment-medium size-medium\" alt=\"\" srcset=\"https:\/\/a24.lt\/wp-content\/uploads\/2025\/06\/IMG_7874-photoaidcom-cropped-300x300.png 300w, https:\/\/a24.lt\/wp-content\/uploads\/2025\/06\/IMG_7874-photoaidcom-cropped-800x800.png 800w, https:\/\/a24.lt\/wp-content\/uploads\/2025\/06\/IMG_7874-photoaidcom-cropped-150x150.png 150w, https:\/\/a24.lt\/wp-content\/uploads\/2025\/06\/IMG_7874-photoaidcom-cropped-768x768.png 768w, https:\/\/a24.lt\/wp-content\/uploads\/2025\/06\/IMG_7874-photoaidcom-cropped-1536x1536.png 1536w, https:\/\/a24.lt\/wp-content\/uploads\/2025\/06\/IMG_7874-photoaidcom-cropped-2048x2048.png 2048w, https:\/\/a24.lt\/wp-content\/uploads\/2025\/06\/IMG_7874-photoaidcom-cropped-12x12.png 12w\" sizes=\"auto, (max-width: 300px) 100vw, 300px\" \/>\t\t\t\t\t\t\t\t\t\t\t\t\t\t\t\n\t\t\t\t\t\t\t<\/div>\n\t\t\t\t\t\t<\/div>\n\t\t\t\t\t\t\t\t\t\t<div class=\"info-box-content\">\n\t\t\t\t\t\t<h4 class=\"info-box-title title box-title-style-default wd-fontsize-m\">Ovidijus<\/h4>\t\t\t\t\t\t<div class=\"info-box-inner set-cont-mb-s reset-last-child\"><p>Kauno gitaros mokytojas<\/p>\n<p>Grojimo patirtis: 8m.<\/p>\n<p>LT\/ENG<\/p>\n<\/div>\n\n\t\t\t\t\t\t\t\t\t\t\t<\/div>\n\n\t\t\t\t\t\n\t\t\t\t\t\t\t\t\t<\/div>\n\t\t\t<\/div>\n\t\t\t\t<\/div>\n\t\t\t\t<div class=\"wd-carousel-item\">\n\t\t\t\t\t\t<div class=\"info-box-wrapper\">\n\t\t\t\t<div id=\"wd-68986943ea41d\" class=\"wd-rs-68986943ea41d wd-info-box wd-wpb text-center box-icon-align-top box-style- color-scheme- wd-bg-none\">\n\t\t\t\t\t\t\t\t\t\t\t<div class=\"box-icon-wrapper  box-with-icon box-icon-simple\">\n\t\t\t\t\t\t\t<div class=\"info-box-icon\">\n\n\t\t\t\t\t\t\t\n\t\t\t\t\t\t\t\t\t\t\t\t\t\t\t\t\t<img loading=\"lazy\" decoding=\"async\" width=\"300\" height=\"300\" src=\"https:\/\/a24.lt\/wp-content\/uploads\/2025\/06\/IMG_7869-photoaidcom-cropped-300x300.png\" class=\"attachment-medium size-medium\" alt=\"\" srcset=\"https:\/\/a24.lt\/wp-content\/uploads\/2025\/06\/IMG_7869-photoaidcom-cropped-300x300.png 300w, https:\/\/a24.lt\/wp-content\/uploads\/2025\/06\/IMG_7869-photoaidcom-cropped-800x800.png 800w, https:\/\/a24.lt\/wp-content\/uploads\/2025\/06\/IMG_7869-photoaidcom-cropped-150x150.png 150w, https:\/\/a24.lt\/wp-content\/uploads\/2025\/06\/IMG_7869-photoaidcom-cropped-768x768.png 768w, https:\/\/a24.lt\/wp-content\/uploads\/2025\/06\/IMG_7869-photoaidcom-cropped-1536x1536.png 1536w, https:\/\/a24.lt\/wp-content\/uploads\/2025\/06\/IMG_7869-photoaidcom-cropped-2048x2048.png 2048w, https:\/\/a24.lt\/wp-content\/uploads\/2025\/06\/IMG_7869-photoaidcom-cropped-12x12.png 12w\" sizes=\"auto, (max-width: 300px) 100vw, 300px\" \/>\t\t\t\t\t\t\t\t\t\t\t\t\t\t\t\n\t\t\t\t\t\t\t<\/div>\n\t\t\t\t\t\t<\/div>\n\t\t\t\t\t\t\t\t\t\t<div class=\"info-box-content\">\n\t\t\t\t\t\t<h4 class=\"info-box-title title box-title-style-default wd-fontsize-m\">Kastytis<\/h4>\t\t\t\t\t\t<div class=\"info-box-inner set-cont-mb-s reset-last-child\"><p>Vilniaus gitaros mokytojas<\/p>\n<p>Grojimo patirtis: 12m.<\/p>\n<p>LT\/ENG<\/p>\n<\/div>\n\n\t\t\t\t\t\t\t\t\t\t\t<\/div>\n\n\t\t\t\t\t\n\t\t\t\t\t\t\t\t\t<\/div>\n\t\t\t<\/div>\n\t\t\t\t<\/div>\n\t\t\t\t<div class=\"wd-carousel-item\">\n\t\t\t\t\t\t<div class=\"info-box-wrapper\">\n\t\t\t\t<div id=\"wd-6898693ac1fe8\" class=\"wd-rs-6898693ac1fe8 wd-info-box wd-wpb text-center box-icon-align-top box-style- color-scheme- wd-bg-none\">\n\t\t\t\t\t\t\t\t\t\t\t<div class=\"box-icon-wrapper  box-with-icon box-icon-simple\">\n\t\t\t\t\t\t\t<div class=\"info-box-icon\">\n\n\t\t\t\t\t\t\t\n\t\t\t\t\t\t\t\t\t\t\t\t\t\t\t\t\t<img loading=\"lazy\" decoding=\"async\" width=\"300\" height=\"300\" src=\"https:\/\/a24.lt\/wp-content\/uploads\/2025\/06\/IMG_7871-photoaidcom-cropped-300x300.png\" class=\"attachment-medium size-medium\" alt=\"\" srcset=\"https:\/\/a24.lt\/wp-content\/uploads\/2025\/06\/IMG_7871-photoaidcom-cropped-300x300.png 300w, https:\/\/a24.lt\/wp-content\/uploads\/2025\/06\/IMG_7871-photoaidcom-cropped-800x800.png 800w, https:\/\/a24.lt\/wp-content\/uploads\/2025\/06\/IMG_7871-photoaidcom-cropped-150x150.png 150w, https:\/\/a24.lt\/wp-content\/uploads\/2025\/06\/IMG_7871-photoaidcom-cropped-768x768.png 768w, https:\/\/a24.lt\/wp-content\/uploads\/2025\/06\/IMG_7871-photoaidcom-cropped-1536x1536.png 1536w, https:\/\/a24.lt\/wp-content\/uploads\/2025\/06\/IMG_7871-photoaidcom-cropped-2048x2048.png 2048w, https:\/\/a24.lt\/wp-content\/uploads\/2025\/06\/IMG_7871-photoaidcom-cropped-12x12.png 12w\" sizes=\"auto, (max-width: 300px) 100vw, 300px\" \/>\t\t\t\t\t\t\t\t\t\t\t\t\t\t\t\n\t\t\t\t\t\t\t<\/div>\n\t\t\t\t\t\t<\/div>\n\t\t\t\t\t\t\t\t\t\t<div class=\"info-box-content\">\n\t\t\t\t\t\t<h4 class=\"info-box-title title box-title-style-default wd-fontsize-m\">Egidijus<\/h4>\t\t\t\t\t\t<div class=\"info-box-inner set-cont-mb-s reset-last-child\"><p>Vilniaus gitaros mokytojas<\/p>\n<p>Grojimo patirtis: 15m.<\/p>\n<p>LT\/ENG\/RU<\/p>\n<\/div>\n\n\t\t\t\t\t\t\t\t\t\t\t<\/div>\n\n\t\t\t\t\t\n\t\t\t\t\t\t\t\t\t<\/div>\n\t\t\t<\/div>\n\t\t\t\t<\/div>\n\t\t\t\t<div class=\"wd-carousel-item\">\n\t\t\t\t\t\t<div class=\"info-box-wrapper\">\n\t\t\t\t<div id=\"wd-68504291db3de\" class=\"wd-rs-68504291db3de wd-info-box wd-wpb text-center box-icon-align-top box-style- color-scheme- wd-bg-none\">\n\t\t\t\t\t\t\t\t\t\t\t<div class=\"box-icon-wrapper  box-with-icon box-icon-simple\">\n\t\t\t\t\t\t\t<div class=\"info-box-icon\">\n\n\t\t\t\t\t\t\t\n\t\t\t\t\t\t\t\t\t\t\t\t\t\t\t\t\t<img loading=\"lazy\" decoding=\"async\" width=\"300\" height=\"300\" src=\"https:\/\/a24.lt\/wp-content\/uploads\/2025\/06\/IMG_7872-photoaidcom-cropped-300x300.png\" class=\"attachment-medium size-medium\" alt=\"\" srcset=\"https:\/\/a24.lt\/wp-content\/uploads\/2025\/06\/IMG_7872-photoaidcom-cropped-300x300.png 300w, https:\/\/a24.lt\/wp-content\/uploads\/2025\/06\/IMG_7872-photoaidcom-cropped-800x800.png 800w, https:\/\/a24.lt\/wp-content\/uploads\/2025\/06\/IMG_7872-photoaidcom-cropped-150x150.png 150w, https:\/\/a24.lt\/wp-content\/uploads\/2025\/06\/IMG_7872-photoaidcom-cropped-768x768.png 768w, https:\/\/a24.lt\/wp-content\/uploads\/2025\/06\/IMG_7872-photoaidcom-cropped-1536x1536.png 1536w, https:\/\/a24.lt\/wp-content\/uploads\/2025\/06\/IMG_7872-photoaidcom-cropped-2048x2048.png 2048w, https:\/\/a24.lt\/wp-content\/uploads\/2025\/06\/IMG_7872-photoaidcom-cropped-12x12.png 12w\" sizes=\"auto, (max-width: 300px) 100vw, 300px\" \/>\t\t\t\t\t\t\t\t\t\t\t\t\t\t\t\n\t\t\t\t\t\t\t<\/div>\n\t\t\t\t\t\t<\/div>\n\t\t\t\t\t\t\t\t\t\t<div class=\"info-box-content\">\n\t\t\t\t\t\t<h4 class=\"info-box-title title box-title-style-default wd-fontsize-m\">Robertas<\/h4>\t\t\t\t\t\t<div class=\"info-box-inner set-cont-mb-s reset-last-child\"><p>Vilniaus gitaros mokytojas<\/p>\n<p>Grojimo patirtis: 13m.<\/p>\n<p>LT\/PL\/ENG\/RU<\/p>\n<\/div>\n\n\t\t\t\t\t\t\t\t\t\t\t<\/div>\n\n\t\t\t\t\t\n\t\t\t\t\t\t\t\t\t<\/div>\n\t\t\t<\/div>\n\t\t\t\t<\/div>\n\t\t\t\t\t\t\t\t<\/div>\n\t\t\t\t\t<\/div>\n\t\t\t\t\t\t\t\t\t\t\t\t\t<div class=\"wd-nav-arrows wd-pos-sep wd-hover-1 wd-icon-1\">\n\t\t\t<div class=\"wd-btn-arrow wd-prev wd-disabled\">\n\t\t\t\t<div class=\"wd-arrow-inner\"><\/div>\n\t\t\t<\/div>\n\t\t\t<div class=\"wd-btn-arrow wd-next\">\n\t\t\t\t<div class=\"wd-arrow-inner\"><\/div>\n\t\t\t<\/div>\n\t\t<\/div>\n\t\t\t\t\t<link rel=\"stylesheet\" id=\"wd-swiper-arrows-css\" href=\"https:\/\/a24.lt\/wp-content\/themes\/woodmart\/css\/parts\/lib-swiper-arrows.min.css?ver=7.4.3\" type=\"text\/css\" media=\"all\" \/> \t\t\t\t\t\t\t\t\t\t\t\t<\/div>\n\n\t\t\t\t\t\t\t<link rel=\"stylesheet\" id=\"wd-swiper-pagin-css\" href=\"https:\/\/a24.lt\/wp-content\/themes\/woodmart\/css\/parts\/lib-swiper-pagin.min.css?ver=7.4.3\" type=\"text\/css\" media=\"all\" \/> \t\t\t\t\t<div class=\"wd-nav-pagin-wrap text-center wd-style-shape wd-hide-md-sm wd-hide-sm\">\n\t\t\t<ul class=\"wd-nav-pagin\"><\/ul>\n\t\t<\/div>\n\t\t\t\t\t\t\t\t\t<\/div>\n\t\t<\/div><\/div><\/div><\/div>\n<\/div>","protected":false},"excerpt":{"rendered":"M\u016aS\u0172 MOKYTOJAI S\u0117kmingiems rezultatams svarbu komfortas, tarpusavio supratimas ir draugi\u0161ka atmosfera. Mantas Kauno gitaros mokytojas Grojimo patirtis: 8m. LT\/ENG Ovidijus","protected":false},"author":1,"featured_media":0,"parent":0,"menu_order":0,"comment_status":"closed","ping_status":"closed","template":"","meta":{"footnotes":""},"class_list":["post-9448","page","type-page","status-publish","hentry"],"yoast_head":"<!-- This site is optimized with the Yoast SEO plugin v22.5 - https:\/\/yoast.com\/wordpress\/plugins\/seo\/ -->\n<title>Mokytojai - A24LT Gitaros pamok\u0173 studija<\/title>\n<meta name=\"description\" content=\"Skaitykite daugiau apie mus, m\u016bs\u0173 paslaugas ir naujausias naujienas! Susisiekite su mumis ir u\u017esiregistruokite \u012f pamokas arba stovyklas. Esame \u010dia, kad pad\u0117tume jums atrasti gro\u017e\u012f ir malonum\u0105 muzikos pasaulyje.\" \/>\n<meta name=\"robots\" content=\"index, follow, max-snippet:-1, max-image-preview:large, max-video-preview:-1\" \/>\n<link rel=\"canonical\" href=\"https:\/\/a24.lt\/ru\/mokytojai\/\" \/>\n<meta property=\"og:locale\" content=\"ru_RU\" \/>\n<meta property=\"og:type\" content=\"article\" \/>\n<meta property=\"og:title\" content=\"Mokytojai - A24LT Gitaros pamok\u0173 studija\" \/>\n<meta property=\"og:description\" content=\"Skaitykite daugiau apie mus, m\u016bs\u0173 paslaugas ir naujausias naujienas! Susisiekite su mumis ir u\u017esiregistruokite \u012f pamokas arba stovyklas. Esame \u010dia, kad pad\u0117tume jums atrasti gro\u017e\u012f ir malonum\u0105 muzikos pasaulyje.\" \/>\n<meta property=\"og:url\" content=\"https:\/\/a24.lt\/ru\/mokytojai\/\" \/>\n<meta property=\"og:site_name\" content=\"A24LT Gitaros pamok\u0173 studija\" \/>\n<meta property=\"article:publisher\" content=\"https:\/\/www.facebook.com\/a24ltu\" \/>\n<meta property=\"article:modified_time\" content=\"2026-01-23T11:30:59+00:00\" \/>\n<meta name=\"twitter:card\" content=\"summary_large_image\" \/>\n<meta name=\"twitter:label1\" content=\"\u041f\u0440\u0438\u043c\u0435\u0440\u043d\u043e\u0435 \u0432\u0440\u0435\u043c\u044f \u0434\u043b\u044f \u0447\u0442\u0435\u043d\u0438\u044f\" \/>\n\t<meta name=\"twitter:data1\" content=\"3 \u043c\u0438\u043d\u0443\u0442\u044b\" \/>\n<script type=\"application\/ld+json\" class=\"yoast-schema-graph\">{\"@context\":\"https:\/\/schema.org\",\"@graph\":[{\"@type\":\"WebPage\",\"@id\":\"https:\/\/a24.lt\/mokytojai\/\",\"url\":\"https:\/\/a24.lt\/mokytojai\/\",\"name\":\"Mokytojai - A24LT Gitaros pamok\u0173 studija\",\"isPartOf\":{\"@id\":\"https:\/\/a24.lt\/#website\"},\"datePublished\":\"2024-04-02T17:40:59+00:00\",\"dateModified\":\"2026-01-23T11:30:59+00:00\",\"description\":\"Skaitykite daugiau apie mus, m\u016bs\u0173 paslaugas ir naujausias naujienas! Susisiekite su mumis ir u\u017esiregistruokite \u012f pamokas arba stovyklas. Esame \u010dia, kad pad\u0117tume jums atrasti gro\u017e\u012f ir malonum\u0105 muzikos pasaulyje.\",\"breadcrumb\":{\"@id\":\"https:\/\/a24.lt\/mokytojai\/#breadcrumb\"},\"inLanguage\":\"ru-RU\",\"potentialAction\":[{\"@type\":\"ReadAction\",\"target\":[\"https:\/\/a24.lt\/mokytojai\/\"]}]},{\"@type\":\"BreadcrumbList\",\"@id\":\"https:\/\/a24.lt\/mokytojai\/#breadcrumb\",\"itemListElement\":[{\"@type\":\"ListItem\",\"position\":1,\"name\":\"Home\",\"item\":\"https:\/\/a24.lt\/\"},{\"@type\":\"ListItem\",\"position\":2,\"name\":\"Mokytojai\"}]},{\"@type\":\"WebSite\",\"@id\":\"https:\/\/a24.lt\/#website\",\"url\":\"https:\/\/a24.lt\/\",\"name\":\"Gitaros Pamokos\",\"description\":\"\",\"publisher\":{\"@id\":\"https:\/\/a24.lt\/#organization\"},\"potentialAction\":[{\"@type\":\"SearchAction\",\"target\":{\"@type\":\"EntryPoint\",\"urlTemplate\":\"https:\/\/a24.lt\/?s={search_term_string}\"},\"query-input\":\"required name=search_term_string\"}],\"inLanguage\":\"ru-RU\"},{\"@type\":\"Organization\",\"@id\":\"https:\/\/a24.lt\/#organization\",\"name\":\"Gitaros Pamokos\",\"url\":\"https:\/\/a24.lt\/\",\"logo\":{\"@type\":\"ImageObject\",\"inLanguage\":\"ru-RU\",\"@id\":\"https:\/\/a24.lt\/#\/schema\/logo\/image\/\",\"url\":\"https:\/\/a24.lt\/wp-content\/uploads\/2024\/03\/1-2.png\",\"contentUrl\":\"https:\/\/a24.lt\/wp-content\/uploads\/2024\/03\/1-2.png\",\"width\":5000,\"height\":1624,\"caption\":\"Gitaros Pamokos\"},\"image\":{\"@id\":\"https:\/\/a24.lt\/#\/schema\/logo\/image\/\"},\"sameAs\":[\"https:\/\/www.facebook.com\/a24ltu\",\"https:\/\/www.instagram.com\/a24ltu\/\",\"https:\/\/www.youtube.com\/@A24LT\",\"https:\/\/www.tiktok.com\/@a24ltu\"]}]}<\/script>\n<!-- \/ Yoast SEO plugin. -->","yoast_head_json":{"title":"Mokytojai - A24LT Gitaros pamok\u0173 studija","description":"Skaitykite daugiau apie mus, m\u016bs\u0173 paslaugas ir naujausias naujienas! Susisiekite su mumis ir u\u017esiregistruokite \u012f pamokas arba stovyklas. Esame \u010dia, kad pad\u0117tume jums atrasti gro\u017e\u012f ir malonum\u0105 muzikos pasaulyje.","robots":{"index":"index","follow":"follow","max-snippet":"max-snippet:-1","max-image-preview":"max-image-preview:large","max-video-preview":"max-video-preview:-1"},"canonical":"https:\/\/a24.lt\/ru\/mokytojai\/","og_locale":"ru_RU","og_type":"article","og_title":"Mokytojai - A24LT Gitaros pamok\u0173 studija","og_description":"Skaitykite daugiau apie mus, m\u016bs\u0173 paslaugas ir naujausias naujienas! Susisiekite su mumis ir u\u017esiregistruokite \u012f pamokas arba stovyklas. Esame \u010dia, kad pad\u0117tume jums atrasti gro\u017e\u012f ir malonum\u0105 muzikos pasaulyje.","og_url":"https:\/\/a24.lt\/ru\/mokytojai\/","og_site_name":"A24LT Gitaros pamok\u0173 studija","article_publisher":"https:\/\/www.facebook.com\/a24ltu","article_modified_time":"2026-01-23T11:30:59+00:00","twitter_card":"summary_large_image","twitter_misc":{"\u041f\u0440\u0438\u043c\u0435\u0440\u043d\u043e\u0435 \u0432\u0440\u0435\u043c\u044f \u0434\u043b\u044f \u0447\u0442\u0435\u043d\u0438\u044f":"3 \u043c\u0438\u043d\u0443\u0442\u044b"},"schema":{"@context":"https:\/\/schema.org","@graph":[{"@type":"WebPage","@id":"https:\/\/a24.lt\/mokytojai\/","url":"https:\/\/a24.lt\/mokytojai\/","name":"Mokytojai - A24LT Gitaros pamok\u0173 studija","isPartOf":{"@id":"https:\/\/a24.lt\/#website"},"datePublished":"2024-04-02T17:40:59+00:00","dateModified":"2026-01-23T11:30:59+00:00","description":"Skaitykite daugiau apie mus, m\u016bs\u0173 paslaugas ir naujausias naujienas! Susisiekite su mumis ir u\u017esiregistruokite \u012f pamokas arba stovyklas. Esame \u010dia, kad pad\u0117tume jums atrasti gro\u017e\u012f ir malonum\u0105 muzikos pasaulyje.","breadcrumb":{"@id":"https:\/\/a24.lt\/mokytojai\/#breadcrumb"},"inLanguage":"ru-RU","potentialAction":[{"@type":"ReadAction","target":["https:\/\/a24.lt\/mokytojai\/"]}]},{"@type":"BreadcrumbList","@id":"https:\/\/a24.lt\/mokytojai\/#breadcrumb","itemListElement":[{"@type":"ListItem","position":1,"name":"Home","item":"https:\/\/a24.lt\/"},{"@type":"ListItem","position":2,"name":"Mokytojai"}]},{"@type":"WebSite","@id":"https:\/\/a24.lt\/#website","url":"https:\/\/a24.lt\/","name":"Gitaros Pamokos","description":"","publisher":{"@id":"https:\/\/a24.lt\/#organization"},"potentialAction":[{"@type":"SearchAction","target":{"@type":"EntryPoint","urlTemplate":"https:\/\/a24.lt\/?s={search_term_string}"},"query-input":"required name=search_term_string"}],"inLanguage":"ru-RU"},{"@type":"Organization","@id":"https:\/\/a24.lt\/#organization","name":"Gitaros Pamokos","url":"https:\/\/a24.lt\/","logo":{"@type":"ImageObject","inLanguage":"ru-RU","@id":"https:\/\/a24.lt\/#\/schema\/logo\/image\/","url":"https:\/\/a24.lt\/wp-content\/uploads\/2024\/03\/1-2.png","contentUrl":"https:\/\/a24.lt\/wp-content\/uploads\/2024\/03\/1-2.png","width":5000,"height":1624,"caption":"Gitaros Pamokos"},"image":{"@id":"https:\/\/a24.lt\/#\/schema\/logo\/image\/"},"sameAs":["https:\/\/www.facebook.com\/a24ltu","https:\/\/www.instagram.com\/a24ltu\/","https:\/\/www.youtube.com\/@A24LT","https:\/\/www.tiktok.com\/@a24ltu"]}]}},"_links":{"self":[{"href":"https:\/\/a24.lt\/ru\/wp-json\/wp\/v2\/pages\/9448","targetHints":{"allow":["GET"]}}],"collection":[{"href":"https:\/\/a24.lt\/ru\/wp-json\/wp\/v2\/pages"}],"about":[{"href":"https:\/\/a24.lt\/ru\/wp-json\/wp\/v2\/types\/page"}],"author":[{"embeddable":true,"href":"https:\/\/a24.lt\/ru\/wp-json\/wp\/v2\/users\/1"}],"replies":[{"embeddable":true,"href":"https:\/\/a24.lt\/ru\/wp-json\/wp\/v2\/comments?post=9448"}],"version-history":[{"count":7,"href":"https:\/\/a24.lt\/ru\/wp-json\/wp\/v2\/pages\/9448\/revisions"}],"predecessor-version":[{"id":10607,"href":"https:\/\/a24.lt\/ru\/wp-json\/wp\/v2\/pages\/9448\/revisions\/10607"}],"wp:attachment":[{"href":"https:\/\/a24.lt\/ru\/wp-json\/wp\/v2\/media?parent=9448"}],"curies":[{"name":"wp","href":"https:\/\/api.w.org\/{rel}","templated":true}]}}