{"id":9473,"date":"2024-04-04T11:46:31","date_gmt":"2024-04-04T11:46:31","guid":{"rendered":"https:\/\/a24.lt\/?page_id=9473"},"modified":"2024-04-04T11:47:09","modified_gmt":"2024-04-04T11:47:09","slug":"mokiniai","status":"publish","type":"page","link":"https:\/\/a24.lt\/ru\/mokiniai\/","title":{"rendered":"Mokiniai"},"content":{"rendered":"<div class=\"wpb-content-wrapper\"><div class=\"vc_row wpb_row vc_row-fluid\"><div class=\"wpb_column vc_column_container vc_col-sm-12\"><div class=\"vc_column-inner\"><div class=\"wpb_wrapper\">\t\t\t<link rel=\"stylesheet\" id=\"wd-photoswipe-css\" href=\"https:\/\/a24.lt\/wp-content\/themes\/woodmart\/css\/parts\/lib-photoswipe.min.css?ver=7.4.3\" type=\"text\/css\" media=\"all\" \/> \t\t\t\t\t\t<link rel=\"stylesheet\" id=\"wd-image-gallery-css\" href=\"https:\/\/a24.lt\/wp-content\/themes\/woodmart\/css\/parts\/el-gallery.min.css?ver=7.4.3\" type=\"text\/css\" media=\"all\" \/> \t\t\t\t\t<div id=\"gallery_325\" class=\"wd-images-gallery wd-wpb wd-rs-660e932b8d1ea photoswipe-images\" style=\"--wd-justify-content:center;--wd-align-items:center;\">\n\t\t\t\n\t\t\t<div class=\"wd-grid-g\" style=\"--wd-col-lg:3;--wd-col-md:3;--wd-col-sm:1;--wd-gap-lg:20px;--wd-gap-sm:10px;\">\n\t\t\t\t\n\t\t\t\t\t\t\t\t\t\t\t\t\t\t\t<div class=\"wd-gallery-item wd-col\">\n\t\t\t\t\t\t\t\t\t\t\t\t\t\t<a href=\"https:\/\/a24.lt\/wp-content\/uploads\/2024\/04\/Emilijus.jpg\" data-elementor-open-lightbox=\"no\" data-index=\"1\" data-width=\"1680\" data-height=\"1260\" \n\t\t\t\t\t\t\t\t\t\t\t\t >\n\t\t\t\t\t\t\t\t\n\t\t\t\t\t\t\t\t<img loading=\"lazy\" decoding=\"async\" width=\"500\" height=\"500\" src=\"https:\/\/a24.lt\/wp-content\/uploads\/2024\/04\/Emilijus-500x500.jpg\" class=\"wd-gallery-image image-1\" alt=\"\" srcset=\"https:\/\/a24.lt\/wp-content\/uploads\/2024\/04\/Emilijus-500x500.jpg 500w, https:\/\/a24.lt\/wp-content\/uploads\/2024\/04\/Emilijus-150x150.jpg 150w\" sizes=\"auto, (max-width: 500px) 100vw, 500px\" \/>\n\t\t\t\t\t\t\t\t\t\t\t\t\t\t\t<\/a>\n\t\t\t\t\t\t\t\t\t\t\t\t<\/div>\n\t\t\t\t\t\t\t\t\t\t\t<div class=\"wd-gallery-item wd-col\">\n\t\t\t\t\t\t\t\t\t\t\t\t\t\t<a href=\"https:\/\/a24.lt\/wp-content\/uploads\/2024\/04\/Julius.jpg\" data-elementor-open-lightbox=\"no\" data-index=\"2\" data-width=\"1680\" data-height=\"2240\" \n\t\t\t\t\t\t\t\t\t\t\t\t >\n\t\t\t\t\t\t\t\t\n\t\t\t\t\t\t\t\t<img loading=\"lazy\" decoding=\"async\" width=\"500\" height=\"500\" src=\"https:\/\/a24.lt\/wp-content\/uploads\/2024\/04\/Julius-500x500.jpg\" class=\"wd-gallery-image image-2\" alt=\"\" srcset=\"https:\/\/a24.lt\/wp-content\/uploads\/2024\/04\/Julius-500x500.jpg 500w, https:\/\/a24.lt\/wp-content\/uploads\/2024\/04\/Julius-150x150.jpg 150w\" sizes=\"auto, (max-width: 500px) 100vw, 500px\" \/>\n\t\t\t\t\t\t\t\t\t\t\t\t\t\t\t<\/a>\n\t\t\t\t\t\t\t\t\t\t\t\t<\/div>\n\t\t\t\t\t\t\t\t\t\t\t<div class=\"wd-gallery-item wd-col\">\n\t\t\t\t\t\t\t\t\t\t\t\t\t\t<a href=\"https:\/\/a24.lt\/wp-content\/uploads\/2024\/04\/Matas_done.jpg\" data-elementor-open-lightbox=\"no\" data-index=\"3\" data-width=\"1680\" data-height=\"1260\" \n\t\t\t\t\t\t\t\t\t\t\t\t >\n\t\t\t\t\t\t\t\t\n\t\t\t\t\t\t\t\t<img loading=\"lazy\" decoding=\"async\" width=\"500\" height=\"500\" src=\"https:\/\/a24.lt\/wp-content\/uploads\/2024\/04\/Matas_done-500x500.jpg\" class=\"wd-gallery-image image-3\" alt=\"\" srcset=\"https:\/\/a24.lt\/wp-content\/uploads\/2024\/04\/Matas_done-500x500.jpg 500w, https:\/\/a24.lt\/wp-content\/uploads\/2024\/04\/Matas_done-150x150.jpg 150w, https:\/\/a24.lt\/wp-content\/uploads\/2024\/04\/Matas_done-200x200.jpg 200w\" sizes=\"auto, (max-width: 500px) 100vw, 500px\" \/>\n\t\t\t\t\t\t\t\t\t\t\t\t\t\t\t<\/a>\n\t\t\t\t\t\t\t\t\t\t\t\t<\/div>\n\t\t\t\t\t\t\t\t\t\t\t<div class=\"wd-gallery-item wd-col\">\n\t\t\t\t\t\t\t\t\t\t\t\t\t\t<a href=\"https:\/\/a24.lt\/wp-content\/uploads\/2024\/04\/Meda_Done.jpg\" data-elementor-open-lightbox=\"no\" data-index=\"4\" data-width=\"1680\" data-height=\"2240\" \n\t\t\t\t\t\t\t\t\t\t\t\t >\n\t\t\t\t\t\t\t\t\n\t\t\t\t\t\t\t\t<img loading=\"lazy\" decoding=\"async\" width=\"500\" height=\"500\" src=\"https:\/\/a24.lt\/wp-content\/uploads\/2024\/04\/Meda_Done-500x500.jpg\" class=\"wd-gallery-image image-4\" alt=\"\" srcset=\"https:\/\/a24.lt\/wp-content\/uploads\/2024\/04\/Meda_Done-500x500.jpg 500w, https:\/\/a24.lt\/wp-content\/uploads\/2024\/04\/Meda_Done-150x150.jpg 150w, https:\/\/a24.lt\/wp-content\/uploads\/2024\/04\/Meda_Done-200x200.jpg 200w\" sizes=\"auto, (max-width: 500px) 100vw, 500px\" \/>\n\t\t\t\t\t\t\t\t\t\t\t\t\t\t\t<\/a>\n\t\t\t\t\t\t\t\t\t\t\t\t<\/div>\n\t\t\t\t\t\t\t\t\t\t\t<div class=\"wd-gallery-item wd-col\">\n\t\t\t\t\t\t\t\t\t\t\t\t\t\t<a href=\"https:\/\/a24.lt\/wp-content\/uploads\/2024\/04\/Mija_Done.jpg\" data-elementor-open-lightbox=\"no\" data-index=\"5\" data-width=\"1680\" data-height=\"1260\" \n\t\t\t\t\t\t\t\t\t\t\t\t >\n\t\t\t\t\t\t\t\t\n\t\t\t\t\t\t\t\t<img loading=\"lazy\" decoding=\"async\" width=\"500\" height=\"500\" src=\"https:\/\/a24.lt\/wp-content\/uploads\/2024\/04\/Mija_Done-500x500.jpg\" class=\"wd-gallery-image image-5\" alt=\"\" srcset=\"https:\/\/a24.lt\/wp-content\/uploads\/2024\/04\/Mija_Done-500x500.jpg 500w, https:\/\/a24.lt\/wp-content\/uploads\/2024\/04\/Mija_Done-150x150.jpg 150w, https:\/\/a24.lt\/wp-content\/uploads\/2024\/04\/Mija_Done-200x200.jpg 200w\" sizes=\"auto, (max-width: 500px) 100vw, 500px\" \/>\n\t\t\t\t\t\t\t\t\t\t\t\t\t\t\t<\/a>\n\t\t\t\t\t\t\t\t\t\t\t\t<\/div>\n\t\t\t\t\t\t\t\t\t\t\t<div class=\"wd-gallery-item wd-col\">\n\t\t\t\t\t\t\t\t\t\t\t\t\t\t<a href=\"https:\/\/a24.lt\/wp-content\/uploads\/2024\/04\/Nikita_i_Anna.jpg\" data-elementor-open-lightbox=\"no\" data-index=\"6\" data-width=\"1680\" data-height=\"1260\" \n\t\t\t\t\t\t\t\t\t\t\t\t >\n\t\t\t\t\t\t\t\t\n\t\t\t\t\t\t\t\t<img loading=\"lazy\" decoding=\"async\" width=\"500\" height=\"500\" src=\"https:\/\/a24.lt\/wp-content\/uploads\/2024\/04\/Nikita_i_Anna-500x500.jpg\" class=\"wd-gallery-image image-6\" alt=\"\" srcset=\"https:\/\/a24.lt\/wp-content\/uploads\/2024\/04\/Nikita_i_Anna-500x500.jpg 500w, https:\/\/a24.lt\/wp-content\/uploads\/2024\/04\/Nikita_i_Anna-150x150.jpg 150w, https:\/\/a24.lt\/wp-content\/uploads\/2024\/04\/Nikita_i_Anna-200x200.jpg 200w\" sizes=\"auto, (max-width: 500px) 100vw, 500px\" \/>\n\t\t\t\t\t\t\t\t\t\t\t\t\t\t\t<\/a>\n\t\t\t\t\t\t\t\t\t\t\t\t<\/div>\n\t\t\t\t\t\t\t\t\t\t\t<div class=\"wd-gallery-item wd-col\">\n\t\t\t\t\t\t\t\t\t\t\t\t\t\t<a href=\"https:\/\/a24.lt\/wp-content\/uploads\/2024\/04\/Simonas.jpg\" data-elementor-open-lightbox=\"no\" data-index=\"7\" data-width=\"1680\" data-height=\"1260\" \n\t\t\t\t\t\t\t\t\t\t\t\t >\n\t\t\t\t\t\t\t\t\n\t\t\t\t\t\t\t\t<img loading=\"lazy\" decoding=\"async\" width=\"500\" height=\"500\" src=\"https:\/\/a24.lt\/wp-content\/uploads\/2024\/04\/Simonas-500x500.jpg\" class=\"wd-gallery-image image-7\" alt=\"\" srcset=\"https:\/\/a24.lt\/wp-content\/uploads\/2024\/04\/Simonas-500x500.jpg 500w, https:\/\/a24.lt\/wp-content\/uploads\/2024\/04\/Simonas-150x150.jpg 150w, https:\/\/a24.lt\/wp-content\/uploads\/2024\/04\/Simonas-200x200.jpg 200w\" sizes=\"auto, (max-width: 500px) 100vw, 500px\" \/>\n\t\t\t\t\t\t\t\t\t\t\t\t\t\t\t<\/a>\n\t\t\t\t\t\t\t\t\t\t\t\t<\/div>\n\t\t\t\t\t\t\t\t\t\t\t<div class=\"wd-gallery-item wd-col\">\n\t\t\t\t\t\t\t\t\t\t\t\t\t\t<a href=\"https:\/\/a24.lt\/wp-content\/uploads\/2024\/04\/Timur.jpg\" data-elementor-open-lightbox=\"no\" data-index=\"8\" data-width=\"1680\" data-height=\"1260\" \n\t\t\t\t\t\t\t\t\t\t\t\t >\n\t\t\t\t\t\t\t\t\n\t\t\t\t\t\t\t\t<img loading=\"lazy\" decoding=\"async\" width=\"500\" height=\"500\" src=\"https:\/\/a24.lt\/wp-content\/uploads\/2024\/04\/Timur-500x500.jpg\" class=\"wd-gallery-image image-8\" alt=\"\" srcset=\"https:\/\/a24.lt\/wp-content\/uploads\/2024\/04\/Timur-500x500.jpg 500w, https:\/\/a24.lt\/wp-content\/uploads\/2024\/04\/Timur-150x150.jpg 150w, https:\/\/a24.lt\/wp-content\/uploads\/2024\/04\/Timur-200x200.jpg 200w\" sizes=\"auto, (max-width: 500px) 100vw, 500px\" \/>\n\t\t\t\t\t\t\t\t\t\t\t\t\t\t\t<\/a>\n\t\t\t\t\t\t\t\t\t\t\t\t<\/div>\n\t\t\t\t\t\t\t\t\t\n\t\t\t\t\t\t\t<\/div>\n\n\t\t\t\t\t<\/div>\n\t\t<\/div><\/div><\/div><\/div>\n<\/div>","protected":false},"excerpt":{"rendered":"","protected":false},"author":1,"featured_media":0,"parent":0,"menu_order":0,"comment_status":"closed","ping_status":"closed","template":"","meta":{"footnotes":""},"class_list":["post-9473","page","type-page","status-publish","hentry"],"yoast_head":"<!-- This site is optimized with the Yoast SEO plugin v22.5 - https:\/\/yoast.com\/wordpress\/plugins\/seo\/ -->\n<title>Mokiniai - A24LT Gitaros pamok\u0173 studija<\/title>\n<meta name=\"description\" content=\"Skaitykite daugiau apie mus, m\u016bs\u0173 paslaugas ir naujausias naujienas! Susisiekite su mumis ir u\u017esiregistruokite \u012f pamokas arba stovyklas. Esame \u010dia, kad pad\u0117tume jums atrasti gro\u017e\u012f ir malonum\u0105 muzikos pasaulyje.\" \/>\n<meta name=\"robots\" content=\"index, follow, max-snippet:-1, max-image-preview:large, max-video-preview:-1\" \/>\n<link rel=\"canonical\" href=\"https:\/\/a24.lt\/ru\/mokiniai\/\" \/>\n<meta property=\"og:locale\" content=\"ru_RU\" \/>\n<meta property=\"og:type\" content=\"article\" \/>\n<meta property=\"og:title\" content=\"Mokiniai - A24LT Gitaros pamok\u0173 studija\" \/>\n<meta property=\"og:description\" content=\"Skaitykite daugiau apie mus, m\u016bs\u0173 paslaugas ir naujausias naujienas! Susisiekite su mumis ir u\u017esiregistruokite \u012f pamokas arba stovyklas. Esame \u010dia, kad pad\u0117tume jums atrasti gro\u017e\u012f ir malonum\u0105 muzikos pasaulyje.\" \/>\n<meta property=\"og:url\" content=\"https:\/\/a24.lt\/ru\/mokiniai\/\" \/>\n<meta property=\"og:site_name\" content=\"A24LT Gitaros pamok\u0173 studija\" \/>\n<meta property=\"article:publisher\" content=\"https:\/\/www.facebook.com\/a24ltu\" \/>\n<meta property=\"article:modified_time\" content=\"2024-04-04T11:47:09+00:00\" \/>\n<meta name=\"twitter:card\" content=\"summary_large_image\" \/>\n<script type=\"application\/ld+json\" class=\"yoast-schema-graph\">{\"@context\":\"https:\/\/schema.org\",\"@graph\":[{\"@type\":\"WebPage\",\"@id\":\"https:\/\/a24.lt\/mokiniai\/\",\"url\":\"https:\/\/a24.lt\/mokiniai\/\",\"name\":\"Mokiniai - A24LT Gitaros pamok\u0173 studija\",\"isPartOf\":{\"@id\":\"https:\/\/a24.lt\/#website\"},\"datePublished\":\"2024-04-04T11:46:31+00:00\",\"dateModified\":\"2024-04-04T11:47:09+00:00\",\"description\":\"Skaitykite daugiau apie mus, m\u016bs\u0173 paslaugas ir naujausias naujienas! Susisiekite su mumis ir u\u017esiregistruokite \u012f pamokas arba stovyklas. Esame \u010dia, kad pad\u0117tume jums atrasti gro\u017e\u012f ir malonum\u0105 muzikos pasaulyje.\",\"breadcrumb\":{\"@id\":\"https:\/\/a24.lt\/mokiniai\/#breadcrumb\"},\"inLanguage\":\"ru-RU\",\"potentialAction\":[{\"@type\":\"ReadAction\",\"target\":[\"https:\/\/a24.lt\/mokiniai\/\"]}]},{\"@type\":\"BreadcrumbList\",\"@id\":\"https:\/\/a24.lt\/mokiniai\/#breadcrumb\",\"itemListElement\":[{\"@type\":\"ListItem\",\"position\":1,\"name\":\"Home\",\"item\":\"https:\/\/a24.lt\/\"},{\"@type\":\"ListItem\",\"position\":2,\"name\":\"Mokiniai\"}]},{\"@type\":\"WebSite\",\"@id\":\"https:\/\/a24.lt\/#website\",\"url\":\"https:\/\/a24.lt\/\",\"name\":\"Gitaros Pamokos\",\"description\":\"\",\"publisher\":{\"@id\":\"https:\/\/a24.lt\/#organization\"},\"potentialAction\":[{\"@type\":\"SearchAction\",\"target\":{\"@type\":\"EntryPoint\",\"urlTemplate\":\"https:\/\/a24.lt\/?s={search_term_string}\"},\"query-input\":\"required name=search_term_string\"}],\"inLanguage\":\"ru-RU\"},{\"@type\":\"Organization\",\"@id\":\"https:\/\/a24.lt\/#organization\",\"name\":\"Gitaros Pamokos\",\"url\":\"https:\/\/a24.lt\/\",\"logo\":{\"@type\":\"ImageObject\",\"inLanguage\":\"ru-RU\",\"@id\":\"https:\/\/a24.lt\/#\/schema\/logo\/image\/\",\"url\":\"https:\/\/a24.lt\/wp-content\/uploads\/2024\/03\/1-2.png\",\"contentUrl\":\"https:\/\/a24.lt\/wp-content\/uploads\/2024\/03\/1-2.png\",\"width\":5000,\"height\":1624,\"caption\":\"Gitaros Pamokos\"},\"image\":{\"@id\":\"https:\/\/a24.lt\/#\/schema\/logo\/image\/\"},\"sameAs\":[\"https:\/\/www.facebook.com\/a24ltu\",\"https:\/\/www.instagram.com\/a24ltu\/\",\"https:\/\/www.youtube.com\/@A24LT\",\"https:\/\/www.tiktok.com\/@a24ltu\"]}]}<\/script>\n<!-- \/ Yoast SEO plugin. -->","yoast_head_json":{"title":"Mokiniai - A24LT Gitaros pamok\u0173 studija","description":"Skaitykite daugiau apie mus, m\u016bs\u0173 paslaugas ir naujausias naujienas! Susisiekite su mumis ir u\u017esiregistruokite \u012f pamokas arba stovyklas. Esame \u010dia, kad pad\u0117tume jums atrasti gro\u017e\u012f ir malonum\u0105 muzikos pasaulyje.","robots":{"index":"index","follow":"follow","max-snippet":"max-snippet:-1","max-image-preview":"max-image-preview:large","max-video-preview":"max-video-preview:-1"},"canonical":"https:\/\/a24.lt\/ru\/mokiniai\/","og_locale":"ru_RU","og_type":"article","og_title":"Mokiniai - A24LT Gitaros pamok\u0173 studija","og_description":"Skaitykite daugiau apie mus, m\u016bs\u0173 paslaugas ir naujausias naujienas! Susisiekite su mumis ir u\u017esiregistruokite \u012f pamokas arba stovyklas. Esame \u010dia, kad pad\u0117tume jums atrasti gro\u017e\u012f ir malonum\u0105 muzikos pasaulyje.","og_url":"https:\/\/a24.lt\/ru\/mokiniai\/","og_site_name":"A24LT Gitaros pamok\u0173 studija","article_publisher":"https:\/\/www.facebook.com\/a24ltu","article_modified_time":"2024-04-04T11:47:09+00:00","twitter_card":"summary_large_image","schema":{"@context":"https:\/\/schema.org","@graph":[{"@type":"WebPage","@id":"https:\/\/a24.lt\/mokiniai\/","url":"https:\/\/a24.lt\/mokiniai\/","name":"Mokiniai - A24LT Gitaros pamok\u0173 studija","isPartOf":{"@id":"https:\/\/a24.lt\/#website"},"datePublished":"2024-04-04T11:46:31+00:00","dateModified":"2024-04-04T11:47:09+00:00","description":"Skaitykite daugiau apie mus, m\u016bs\u0173 paslaugas ir naujausias naujienas! Susisiekite su mumis ir u\u017esiregistruokite \u012f pamokas arba stovyklas. Esame \u010dia, kad pad\u0117tume jums atrasti gro\u017e\u012f ir malonum\u0105 muzikos pasaulyje.","breadcrumb":{"@id":"https:\/\/a24.lt\/mokiniai\/#breadcrumb"},"inLanguage":"ru-RU","potentialAction":[{"@type":"ReadAction","target":["https:\/\/a24.lt\/mokiniai\/"]}]},{"@type":"BreadcrumbList","@id":"https:\/\/a24.lt\/mokiniai\/#breadcrumb","itemListElement":[{"@type":"ListItem","position":1,"name":"Home","item":"https:\/\/a24.lt\/"},{"@type":"ListItem","position":2,"name":"Mokiniai"}]},{"@type":"WebSite","@id":"https:\/\/a24.lt\/#website","url":"https:\/\/a24.lt\/","name":"Gitaros Pamokos","description":"","publisher":{"@id":"https:\/\/a24.lt\/#organization"},"potentialAction":[{"@type":"SearchAction","target":{"@type":"EntryPoint","urlTemplate":"https:\/\/a24.lt\/?s={search_term_string}"},"query-input":"required name=search_term_string"}],"inLanguage":"ru-RU"},{"@type":"Organization","@id":"https:\/\/a24.lt\/#organization","name":"Gitaros Pamokos","url":"https:\/\/a24.lt\/","logo":{"@type":"ImageObject","inLanguage":"ru-RU","@id":"https:\/\/a24.lt\/#\/schema\/logo\/image\/","url":"https:\/\/a24.lt\/wp-content\/uploads\/2024\/03\/1-2.png","contentUrl":"https:\/\/a24.lt\/wp-content\/uploads\/2024\/03\/1-2.png","width":5000,"height":1624,"caption":"Gitaros Pamokos"},"image":{"@id":"https:\/\/a24.lt\/#\/schema\/logo\/image\/"},"sameAs":["https:\/\/www.facebook.com\/a24ltu","https:\/\/www.instagram.com\/a24ltu\/","https:\/\/www.youtube.com\/@A24LT","https:\/\/www.tiktok.com\/@a24ltu"]}]}},"_links":{"self":[{"href":"https:\/\/a24.lt\/ru\/wp-json\/wp\/v2\/pages\/9473","targetHints":{"allow":["GET"]}}],"collection":[{"href":"https:\/\/a24.lt\/ru\/wp-json\/wp\/v2\/pages"}],"about":[{"href":"https:\/\/a24.lt\/ru\/wp-json\/wp\/v2\/types\/page"}],"author":[{"embeddable":true,"href":"https:\/\/a24.lt\/ru\/wp-json\/wp\/v2\/users\/1"}],"replies":[{"embeddable":true,"href":"https:\/\/a24.lt\/ru\/wp-json\/wp\/v2\/comments?post=9473"}],"version-history":[{"count":2,"href":"https:\/\/a24.lt\/ru\/wp-json\/wp\/v2\/pages\/9473\/revisions"}],"predecessor-version":[{"id":9483,"href":"https:\/\/a24.lt\/ru\/wp-json\/wp\/v2\/pages\/9473\/revisions\/9483"}],"wp:attachment":[{"href":"https:\/\/a24.lt\/ru\/wp-json\/wp\/v2\/media?parent=9473"}],"curies":[{"name":"wp","href":"https:\/\/api.w.org\/{rel}","templated":true}]}}