{"id":9497,"date":"2024-04-04T12:21:42","date_gmt":"2024-04-04T12:21:42","guid":{"rendered":"https:\/\/a24.lt\/?page_id=9497"},"modified":"2024-04-04T12:22:44","modified_gmt":"2024-04-04T12:22:44","slug":"musu-kursai","status":"publish","type":"page","link":"https:\/\/a24.lt\/ru\/musu-kursai\/","title":{"rendered":"M\u016bs\u0173 kursai"},"content":{"rendered":"<div class=\"wpb-content-wrapper\"><div class=\"vc_row wpb_row vc_row-fluid vc_custom_1678195386316 wd-rs-64073aaa569b0\"><div class=\"wpb_column vc_column_container vc_col-sm-12\"><div class=\"vc_column-inner vc_custom_1622725262705\"><div class=\"wpb_wrapper\"><div class=\"vc_row wpb_row vc_inner vc_row-fluid\"><div class=\"wpb_column vc_column_container vc_col-sm-4\"><div class=\"vc_column-inner\"><div class=\"wpb_wrapper\">\t\t\t<link rel=\"stylesheet\" id=\"wd-banner-css\" href=\"https:\/\/a24.lt\/wp-content\/themes\/woodmart\/css\/parts\/wpb-el-banner.min.css?ver=7.4.3\" type=\"text\/css\" media=\"all\" \/> \t\t\t\t\t\t<link rel=\"stylesheet\" id=\"wd-banner-hover-zoom-css\" href=\"https:\/\/a24.lt\/wp-content\/themes\/woodmart\/css\/parts\/el-banner-hover-zoom.min.css?ver=7.4.3\" type=\"text\/css\" media=\"all\" \/> \t\t\t\t\t\t<link rel=\"stylesheet\" id=\"wd-banner-btn-hover-css\" href=\"https:\/\/a24.lt\/wp-content\/themes\/woodmart\/css\/parts\/el-banner-btn-hover.min.css?ver=7.4.3\" type=\"text\/css\" media=\"all\" \/> \t\t\t\t\t\t<link rel=\"stylesheet\" id=\"wd-mod-highlighted-text-css\" href=\"https:\/\/a24.lt\/wp-content\/themes\/woodmart\/css\/parts\/mod-highlighted-text.min.css?ver=7.4.3\" type=\"text\/css\" media=\"all\" \/> \t\t\t\t\t<div class=\"promo-banner-wrapper  wd-rs-660e90b03af16\">\n\t\t\t<div id=\"wd-660e90b03af16\" class=\"promo-banner  banner- banner-hover-zoom color-scheme-light banner-btn-size-default banner-btn-style-default  wd-underline-colored\">\n\t\t\t\t<div class=\"main-wrapp-img\">\n\t\t\t\t\t<div class=\"banner-image wd-bg-position-center\" >\n\t\t\t\t\t\t<img loading=\"lazy\" decoding=\"async\" width=\"1161\" height=\"641\" src=\"https:\/\/a24.lt\/wp-content\/uploads\/2024\/04\/Screenshot_1-1-1161x641.png\" class=\"attachment-1161x641 size-1161x641\" alt=\"\" \/>\t\t\t\t\t<\/div>\n\t\t\t\t<\/div>\n\n\t\t\t\t<div class=\"wrapper-content-banner wd-fill  wd-items-top wd-justify-left\">\n\t\t\t\t\t<div class=\"content-banner  text-left\">\n\t\t\t\t\t\t<h4 class=\"banner-title wd-font-weight- wd-fontsize-xxl\">Vilnius<\/h4>\t\t\t\t\t\t\t\t\t\t\t\t\t<div class=\"banner-inner set-cont-mb-s reset-last-child wd-fontsize-s\">\n\t\t\t\t\t\t\t\t<p><strong>Gitaros pamokos, Elektrines gitaros pamokos, Aktyviu muzikiniu pramogu burelis <\/strong><\/p>\n\t\t\t\t\t\t\t<\/div>\n\t\t\t\t\t\t\n\t\t\t\t\t\t\n\t\t\t\t\t\t\t\t\t\t\t<\/div>\n\t\t\t\t<\/div>\n\n\t\t\t\t\n\t\t\t\t\t\t\t<\/div>\n\t\t<\/div>\n\n\t\t<\/div><\/div><\/div><div class=\"wpb_column vc_column_container vc_col-sm-4\"><div class=\"vc_column-inner\"><div class=\"wpb_wrapper\">\t\t<div class=\"promo-banner-wrapper  wd-rs-660e9125a97e8\">\n\t\t\t<div id=\"wd-660e9125a97e8\" class=\"promo-banner  banner- banner-hover-zoom color-scheme-light banner-btn-size-default banner-btn-style-default  wd-underline-colored\">\n\t\t\t\t<div class=\"main-wrapp-img\">\n\t\t\t\t\t<div class=\"banner-image wd-bg-position-center\" >\n\t\t\t\t\t\t<img loading=\"lazy\" decoding=\"async\" width=\"1161\" height=\"641\" src=\"https:\/\/a24.lt\/wp-content\/uploads\/2024\/04\/Screenshot_1-1-1161x641.png\" class=\"attachment-1161x641 size-1161x641\" alt=\"\" \/>\t\t\t\t\t<\/div>\n\t\t\t\t<\/div>\n\n\t\t\t\t<div class=\"wrapper-content-banner wd-fill  wd-items-top wd-justify-left\">\n\t\t\t\t\t<div class=\"content-banner  text-left\">\n\t\t\t\t\t\t<h4 class=\"banner-title wd-font-weight- wd-fontsize-xxl\">Kaunas<\/h4>\t\t\t\t\t\t\t\t\t\t\t\t\t<div class=\"banner-inner set-cont-mb-s reset-last-child wd-fontsize-s\">\n\t\t\t\t\t\t\t\t<p><strong>Gitaros pamokos,\u00a0 Aktyviu muzikiniu pramogu burelis.<\/strong><\/p>\n\t\t\t\t\t\t\t<\/div>\n\t\t\t\t\t\t\n\t\t\t\t\t\t\n\t\t\t\t\t\t\t\t\t\t\t<\/div>\n\t\t\t\t<\/div>\n\n\t\t\t\t\n\t\t\t\t\t\t\t<\/div>\n\t\t<\/div>\n\n\t\t<\/div><\/div><\/div><div class=\"wpb_column vc_column_container vc_col-sm-4\"><div class=\"vc_column-inner\"><div class=\"wpb_wrapper\">\t\t<div class=\"promo-banner-wrapper  wd-rs-660e91453e2a4\">\n\t\t\t<div id=\"wd-660e91453e2a4\" class=\"promo-banner  banner- banner-hover-zoom color-scheme-light banner-btn-size-default banner-btn-style-default  wd-underline-colored\">\n\t\t\t\t<div class=\"main-wrapp-img\">\n\t\t\t\t\t<div class=\"banner-image wd-bg-position-center\" >\n\t\t\t\t\t\t<img loading=\"lazy\" decoding=\"async\" width=\"1161\" height=\"641\" src=\"https:\/\/a24.lt\/wp-content\/uploads\/2024\/04\/Screenshot_1-1-1161x641.png\" class=\"attachment-1161x641 size-1161x641\" alt=\"\" \/>\t\t\t\t\t<\/div>\n\t\t\t\t<\/div>\n\n\t\t\t\t<div class=\"wrapper-content-banner wd-fill  wd-items-top wd-justify-left\">\n\t\t\t\t\t<div class=\"content-banner  text-left\">\n\t\t\t\t\t\t<h4 class=\"banner-title wd-font-weight- wd-fontsize-xxl\">Online<\/h4>\t\t\t\t\t\t\t\t\t\t\t\t\t<div class=\"banner-inner set-cont-mb-s reset-last-child wd-fontsize-s\">\n\t\t\t\t\t\t\t\t<p><strong>Gitaros Kursas, Gitaros Pamokos Live formatu<\/strong><\/p>\n\t\t\t\t\t\t\t<\/div>\n\t\t\t\t\t\t\n\t\t\t\t\t\t\n\t\t\t\t\t\t\t\t\t\t\t<\/div>\n\t\t\t\t<\/div>\n\n\t\t\t\t\n\t\t\t\t\t\t\t<\/div>\n\t\t<\/div>\n\n\t\t<\/div><\/div><\/div><\/div><\/div><\/div><\/div><\/div>\n<\/div>","protected":false},"excerpt":{"rendered":"Vilnius Gitaros pamokos, Elektrines gitaros pamokos, Aktyviu muzikiniu pramogu burelis Kaunas Gitaros pamokos,\u00a0 Aktyviu muzikiniu pramogu burelis. Online Gitaros Kursas,","protected":false},"author":1,"featured_media":0,"parent":0,"menu_order":0,"comment_status":"closed","ping_status":"closed","template":"","meta":{"footnotes":""},"class_list":["post-9497","page","type-page","status-publish","hentry"],"yoast_head":"<!-- This site is optimized with the Yoast SEO plugin v22.5 - https:\/\/yoast.com\/wordpress\/plugins\/seo\/ -->\n<title>M\u016bs\u0173 kursai - A24LT Gitaros pamok\u0173 studija<\/title>\n<meta name=\"description\" content=\"Skaitykite daugiau apie mus, m\u016bs\u0173 paslaugas ir naujausias naujienas! Susisiekite su mumis ir u\u017esiregistruokite \u012f pamokas arba stovyklas. Esame \u010dia, kad pad\u0117tume jums atrasti gro\u017e\u012f ir malonum\u0105 muzikos pasaulyje.\" \/>\n<meta name=\"robots\" content=\"index, follow, max-snippet:-1, max-image-preview:large, max-video-preview:-1\" \/>\n<link rel=\"canonical\" href=\"https:\/\/a24.lt\/ru\/musu-kursai\/\" \/>\n<meta property=\"og:locale\" content=\"ru_RU\" \/>\n<meta property=\"og:type\" content=\"article\" \/>\n<meta property=\"og:title\" content=\"M\u016bs\u0173 kursai - A24LT Gitaros pamok\u0173 studija\" \/>\n<meta property=\"og:description\" content=\"Skaitykite daugiau apie mus, m\u016bs\u0173 paslaugas ir naujausias naujienas! Susisiekite su mumis ir u\u017esiregistruokite \u012f pamokas arba stovyklas. Esame \u010dia, kad pad\u0117tume jums atrasti gro\u017e\u012f ir malonum\u0105 muzikos pasaulyje.\" \/>\n<meta property=\"og:url\" content=\"https:\/\/a24.lt\/ru\/musu-kursai\/\" \/>\n<meta property=\"og:site_name\" content=\"A24LT Gitaros pamok\u0173 studija\" \/>\n<meta property=\"article:publisher\" content=\"https:\/\/www.facebook.com\/a24ltu\" \/>\n<meta property=\"article:modified_time\" content=\"2024-04-04T12:22:44+00:00\" \/>\n<meta name=\"twitter:card\" content=\"summary_large_image\" \/>\n<meta name=\"twitter:label1\" content=\"\u041f\u0440\u0438\u043c\u0435\u0440\u043d\u043e\u0435 \u0432\u0440\u0435\u043c\u044f \u0434\u043b\u044f \u0447\u0442\u0435\u043d\u0438\u044f\" \/>\n\t<meta name=\"twitter:data1\" content=\"3 \u043c\u0438\u043d\u0443\u0442\u044b\" \/>\n<script type=\"application\/ld+json\" class=\"yoast-schema-graph\">{\"@context\":\"https:\/\/schema.org\",\"@graph\":[{\"@type\":\"WebPage\",\"@id\":\"https:\/\/a24.lt\/musu-kursai\/\",\"url\":\"https:\/\/a24.lt\/musu-kursai\/\",\"name\":\"M\u016bs\u0173 kursai - A24LT Gitaros pamok\u0173 studija\",\"isPartOf\":{\"@id\":\"https:\/\/a24.lt\/#website\"},\"datePublished\":\"2024-04-04T12:21:42+00:00\",\"dateModified\":\"2024-04-04T12:22:44+00:00\",\"description\":\"Skaitykite daugiau apie mus, m\u016bs\u0173 paslaugas ir naujausias naujienas! Susisiekite su mumis ir u\u017esiregistruokite \u012f pamokas arba stovyklas. Esame \u010dia, kad pad\u0117tume jums atrasti gro\u017e\u012f ir malonum\u0105 muzikos pasaulyje.\",\"breadcrumb\":{\"@id\":\"https:\/\/a24.lt\/musu-kursai\/#breadcrumb\"},\"inLanguage\":\"ru-RU\",\"potentialAction\":[{\"@type\":\"ReadAction\",\"target\":[\"https:\/\/a24.lt\/musu-kursai\/\"]}]},{\"@type\":\"BreadcrumbList\",\"@id\":\"https:\/\/a24.lt\/musu-kursai\/#breadcrumb\",\"itemListElement\":[{\"@type\":\"ListItem\",\"position\":1,\"name\":\"Home\",\"item\":\"https:\/\/a24.lt\/\"},{\"@type\":\"ListItem\",\"position\":2,\"name\":\"M\u016bs\u0173 kursai\"}]},{\"@type\":\"WebSite\",\"@id\":\"https:\/\/a24.lt\/#website\",\"url\":\"https:\/\/a24.lt\/\",\"name\":\"Gitaros Pamokos\",\"description\":\"\",\"publisher\":{\"@id\":\"https:\/\/a24.lt\/#organization\"},\"potentialAction\":[{\"@type\":\"SearchAction\",\"target\":{\"@type\":\"EntryPoint\",\"urlTemplate\":\"https:\/\/a24.lt\/?s={search_term_string}\"},\"query-input\":\"required name=search_term_string\"}],\"inLanguage\":\"ru-RU\"},{\"@type\":\"Organization\",\"@id\":\"https:\/\/a24.lt\/#organization\",\"name\":\"Gitaros Pamokos\",\"url\":\"https:\/\/a24.lt\/\",\"logo\":{\"@type\":\"ImageObject\",\"inLanguage\":\"ru-RU\",\"@id\":\"https:\/\/a24.lt\/#\/schema\/logo\/image\/\",\"url\":\"https:\/\/a24.lt\/wp-content\/uploads\/2024\/03\/1-2.png\",\"contentUrl\":\"https:\/\/a24.lt\/wp-content\/uploads\/2024\/03\/1-2.png\",\"width\":5000,\"height\":1624,\"caption\":\"Gitaros Pamokos\"},\"image\":{\"@id\":\"https:\/\/a24.lt\/#\/schema\/logo\/image\/\"},\"sameAs\":[\"https:\/\/www.facebook.com\/a24ltu\",\"https:\/\/www.instagram.com\/a24ltu\/\",\"https:\/\/www.youtube.com\/@A24LT\",\"https:\/\/www.tiktok.com\/@a24ltu\"]}]}<\/script>\n<!-- \/ Yoast SEO plugin. -->","yoast_head_json":{"title":"M\u016bs\u0173 kursai - A24LT Gitaros pamok\u0173 studija","description":"Skaitykite daugiau apie mus, m\u016bs\u0173 paslaugas ir naujausias naujienas! Susisiekite su mumis ir u\u017esiregistruokite \u012f pamokas arba stovyklas. Esame \u010dia, kad pad\u0117tume jums atrasti gro\u017e\u012f ir malonum\u0105 muzikos pasaulyje.","robots":{"index":"index","follow":"follow","max-snippet":"max-snippet:-1","max-image-preview":"max-image-preview:large","max-video-preview":"max-video-preview:-1"},"canonical":"https:\/\/a24.lt\/ru\/musu-kursai\/","og_locale":"ru_RU","og_type":"article","og_title":"M\u016bs\u0173 kursai - A24LT Gitaros pamok\u0173 studija","og_description":"Skaitykite daugiau apie mus, m\u016bs\u0173 paslaugas ir naujausias naujienas! Susisiekite su mumis ir u\u017esiregistruokite \u012f pamokas arba stovyklas. Esame \u010dia, kad pad\u0117tume jums atrasti gro\u017e\u012f ir malonum\u0105 muzikos pasaulyje.","og_url":"https:\/\/a24.lt\/ru\/musu-kursai\/","og_site_name":"A24LT Gitaros pamok\u0173 studija","article_publisher":"https:\/\/www.facebook.com\/a24ltu","article_modified_time":"2024-04-04T12:22:44+00:00","twitter_card":"summary_large_image","twitter_misc":{"\u041f\u0440\u0438\u043c\u0435\u0440\u043d\u043e\u0435 \u0432\u0440\u0435\u043c\u044f \u0434\u043b\u044f \u0447\u0442\u0435\u043d\u0438\u044f":"3 \u043c\u0438\u043d\u0443\u0442\u044b"},"schema":{"@context":"https:\/\/schema.org","@graph":[{"@type":"WebPage","@id":"https:\/\/a24.lt\/musu-kursai\/","url":"https:\/\/a24.lt\/musu-kursai\/","name":"M\u016bs\u0173 kursai - A24LT Gitaros pamok\u0173 studija","isPartOf":{"@id":"https:\/\/a24.lt\/#website"},"datePublished":"2024-04-04T12:21:42+00:00","dateModified":"2024-04-04T12:22:44+00:00","description":"Skaitykite daugiau apie mus, m\u016bs\u0173 paslaugas ir naujausias naujienas! Susisiekite su mumis ir u\u017esiregistruokite \u012f pamokas arba stovyklas. Esame \u010dia, kad pad\u0117tume jums atrasti gro\u017e\u012f ir malonum\u0105 muzikos pasaulyje.","breadcrumb":{"@id":"https:\/\/a24.lt\/musu-kursai\/#breadcrumb"},"inLanguage":"ru-RU","potentialAction":[{"@type":"ReadAction","target":["https:\/\/a24.lt\/musu-kursai\/"]}]},{"@type":"BreadcrumbList","@id":"https:\/\/a24.lt\/musu-kursai\/#breadcrumb","itemListElement":[{"@type":"ListItem","position":1,"name":"Home","item":"https:\/\/a24.lt\/"},{"@type":"ListItem","position":2,"name":"M\u016bs\u0173 kursai"}]},{"@type":"WebSite","@id":"https:\/\/a24.lt\/#website","url":"https:\/\/a24.lt\/","name":"Gitaros Pamokos","description":"","publisher":{"@id":"https:\/\/a24.lt\/#organization"},"potentialAction":[{"@type":"SearchAction","target":{"@type":"EntryPoint","urlTemplate":"https:\/\/a24.lt\/?s={search_term_string}"},"query-input":"required name=search_term_string"}],"inLanguage":"ru-RU"},{"@type":"Organization","@id":"https:\/\/a24.lt\/#organization","name":"Gitaros Pamokos","url":"https:\/\/a24.lt\/","logo":{"@type":"ImageObject","inLanguage":"ru-RU","@id":"https:\/\/a24.lt\/#\/schema\/logo\/image\/","url":"https:\/\/a24.lt\/wp-content\/uploads\/2024\/03\/1-2.png","contentUrl":"https:\/\/a24.lt\/wp-content\/uploads\/2024\/03\/1-2.png","width":5000,"height":1624,"caption":"Gitaros Pamokos"},"image":{"@id":"https:\/\/a24.lt\/#\/schema\/logo\/image\/"},"sameAs":["https:\/\/www.facebook.com\/a24ltu","https:\/\/www.instagram.com\/a24ltu\/","https:\/\/www.youtube.com\/@A24LT","https:\/\/www.tiktok.com\/@a24ltu"]}]}},"_links":{"self":[{"href":"https:\/\/a24.lt\/ru\/wp-json\/wp\/v2\/pages\/9497","targetHints":{"allow":["GET"]}}],"collection":[{"href":"https:\/\/a24.lt\/ru\/wp-json\/wp\/v2\/pages"}],"about":[{"href":"https:\/\/a24.lt\/ru\/wp-json\/wp\/v2\/types\/page"}],"author":[{"embeddable":true,"href":"https:\/\/a24.lt\/ru\/wp-json\/wp\/v2\/users\/1"}],"replies":[{"embeddable":true,"href":"https:\/\/a24.lt\/ru\/wp-json\/wp\/v2\/comments?post=9497"}],"version-history":[{"count":1,"href":"https:\/\/a24.lt\/ru\/wp-json\/wp\/v2\/pages\/9497\/revisions"}],"predecessor-version":[{"id":9499,"href":"https:\/\/a24.lt\/ru\/wp-json\/wp\/v2\/pages\/9497\/revisions\/9499"}],"wp:attachment":[{"href":"https:\/\/a24.lt\/ru\/wp-json\/wp\/v2\/media?parent=9497"}],"curies":[{"name":"wp","href":"https:\/\/api.w.org\/{rel}","templated":true}]}}