{"id":9527,"date":"2024-04-04T14:12:58","date_gmt":"2024-04-04T14:12:58","guid":{"rendered":"https:\/\/a24.lt\/?page_id=9527"},"modified":"2025-02-19T12:18:48","modified_gmt":"2025-02-19T12:18:48","slug":"stovykla","status":"publish","type":"page","link":"https:\/\/a24.lt\/ru\/stovykla\/","title":{"rendered":"Stovykla"},"content":{"rendered":"","protected":true},"excerpt":{"rendered":"","protected":true},"author":1,"featured_media":0,"parent":0,"menu_order":0,"comment_status":"closed","ping_status":"closed","template":"","meta":{"footnotes":""},"class_list":["post-9527","page","type-page","status-publish","post-password-required","hentry"],"yoast_head":"<!-- This site is optimized with the Yoast SEO plugin v22.5 - https:\/\/yoast.com\/wordpress\/plugins\/seo\/ -->\n<title>Stovykla - A24LT Gitaros pamok\u0173 studija<\/title>\n<meta name=\"description\" content=\"Stovykla &quot;A24&quot; - nuostabi vieta vaikams ir paaugliams nuo 8 iki 17 met\u0173 Lietuvoje. Mokymas vyksta lietuvi\u0173, lenk\u0173 ir rus\u0173 kalbomis, suteikiant puiki\u0105 muzikin\u0119 ir aktyvi\u0105 patirt\u012f. Esame \u012fsik\u016br\u0119 prabangoje Wake-House sodyboje, su aktyvios veiklos pieva, klubu, pirtimi ir netoliese esan\u010diu e\u017eeru.\" \/>\n<meta name=\"robots\" content=\"index, follow, max-snippet:-1, max-image-preview:large, max-video-preview:-1\" \/>\n<link rel=\"canonical\" href=\"https:\/\/a24.lt\/ru\/stovykla\/\" \/>\n<meta property=\"og:locale\" content=\"ru_RU\" \/>\n<meta property=\"og:type\" content=\"article\" \/>\n<meta property=\"og:title\" content=\"Stovykla - A24LT Gitaros pamok\u0173 studija\" \/>\n<meta property=\"og:description\" content=\"Stovykla &quot;A24&quot; - nuostabi vieta vaikams ir paaugliams nuo 8 iki 17 met\u0173 Lietuvoje. Mokymas vyksta lietuvi\u0173, lenk\u0173 ir rus\u0173 kalbomis, suteikiant puiki\u0105 muzikin\u0119 ir aktyvi\u0105 patirt\u012f. Esame \u012fsik\u016br\u0119 prabangoje Wake-House sodyboje, su aktyvios veiklos pieva, klubu, pirtimi ir netoliese esan\u010diu e\u017eeru.\" \/>\n<meta property=\"og:url\" content=\"https:\/\/a24.lt\/ru\/stovykla\/\" \/>\n<meta property=\"og:site_name\" content=\"A24LT Gitaros pamok\u0173 studija\" \/>\n<meta property=\"article:publisher\" content=\"https:\/\/www.facebook.com\/a24ltu\" \/>\n<meta property=\"article:modified_time\" content=\"2025-02-19T12:18:48+00:00\" \/>\n<meta name=\"twitter:card\" content=\"summary_large_image\" \/>\n<meta name=\"twitter:label1\" content=\"\u041f\u0440\u0438\u043c\u0435\u0440\u043d\u043e\u0435 \u0432\u0440\u0435\u043c\u044f \u0434\u043b\u044f \u0447\u0442\u0435\u043d\u0438\u044f\" \/>\n\t<meta name=\"twitter:data1\" content=\"9 \u043c\u0438\u043d\u0443\u0442\" \/>\n<script type=\"application\/ld+json\" class=\"yoast-schema-graph\">{\"@context\":\"https:\/\/schema.org\",\"@graph\":[{\"@type\":\"WebPage\",\"@id\":\"https:\/\/a24.lt\/stovykla\/\",\"url\":\"https:\/\/a24.lt\/stovykla\/\",\"name\":\"Stovykla - A24LT Gitaros pamok\u0173 studija\",\"isPartOf\":{\"@id\":\"https:\/\/a24.lt\/#website\"},\"datePublished\":\"2024-04-04T14:12:58+00:00\",\"dateModified\":\"2025-02-19T12:18:48+00:00\",\"breadcrumb\":{\"@id\":\"https:\/\/a24.lt\/stovykla\/#breadcrumb\"},\"inLanguage\":\"ru-RU\"},{\"@type\":\"WebSite\",\"@id\":\"https:\/\/a24.lt\/#website\",\"url\":\"https:\/\/a24.lt\/\",\"name\":\"Gitaros Pamokos\",\"description\":\"\",\"publisher\":{\"@id\":\"https:\/\/a24.lt\/#organization\"},\"potentialAction\":[{\"@type\":\"SearchAction\",\"target\":{\"@type\":\"EntryPoint\",\"urlTemplate\":\"https:\/\/a24.lt\/?s={search_term_string}\"},\"query-input\":\"required name=search_term_string\"}],\"inLanguage\":\"ru-RU\"},{\"@type\":\"Organization\",\"@id\":\"https:\/\/a24.lt\/#organization\",\"name\":\"Gitaros Pamokos\",\"url\":\"https:\/\/a24.lt\/\",\"logo\":{\"@type\":\"ImageObject\",\"inLanguage\":\"ru-RU\",\"@id\":\"https:\/\/a24.lt\/#\/schema\/logo\/image\/\",\"url\":\"https:\/\/a24.lt\/wp-content\/uploads\/2024\/03\/1-2.png\",\"contentUrl\":\"https:\/\/a24.lt\/wp-content\/uploads\/2024\/03\/1-2.png\",\"width\":5000,\"height\":1624,\"caption\":\"Gitaros Pamokos\"},\"image\":{\"@id\":\"https:\/\/a24.lt\/#\/schema\/logo\/image\/\"},\"sameAs\":[\"https:\/\/www.facebook.com\/a24ltu\",\"https:\/\/www.instagram.com\/a24ltu\/\",\"https:\/\/www.youtube.com\/@A24LT\",\"https:\/\/www.tiktok.com\/@a24ltu\"]}]}<\/script>\n<!-- \/ Yoast SEO plugin. -->","yoast_head_json":{"title":"Stovykla - A24LT Gitaros pamok\u0173 studija","description":"Stovykla \"A24\" - nuostabi vieta vaikams ir paaugliams nuo 8 iki 17 met\u0173 Lietuvoje. Mokymas vyksta lietuvi\u0173, lenk\u0173 ir rus\u0173 kalbomis, suteikiant puiki\u0105 muzikin\u0119 ir aktyvi\u0105 patirt\u012f. Esame \u012fsik\u016br\u0119 prabangoje Wake-House sodyboje, su aktyvios veiklos pieva, klubu, pirtimi ir netoliese esan\u010diu e\u017eeru.","robots":{"index":"index","follow":"follow","max-snippet":"max-snippet:-1","max-image-preview":"max-image-preview:large","max-video-preview":"max-video-preview:-1"},"canonical":"https:\/\/a24.lt\/ru\/stovykla\/","og_locale":"ru_RU","og_type":"article","og_title":"Stovykla - A24LT Gitaros pamok\u0173 studija","og_description":"Stovykla \"A24\" - nuostabi vieta vaikams ir paaugliams nuo 8 iki 17 met\u0173 Lietuvoje. Mokymas vyksta lietuvi\u0173, lenk\u0173 ir rus\u0173 kalbomis, suteikiant puiki\u0105 muzikin\u0119 ir aktyvi\u0105 patirt\u012f. Esame \u012fsik\u016br\u0119 prabangoje Wake-House sodyboje, su aktyvios veiklos pieva, klubu, pirtimi ir netoliese esan\u010diu e\u017eeru.","og_url":"https:\/\/a24.lt\/ru\/stovykla\/","og_site_name":"A24LT Gitaros pamok\u0173 studija","article_publisher":"https:\/\/www.facebook.com\/a24ltu","article_modified_time":"2025-02-19T12:18:48+00:00","twitter_card":"summary_large_image","twitter_misc":{"\u041f\u0440\u0438\u043c\u0435\u0440\u043d\u043e\u0435 \u0432\u0440\u0435\u043c\u044f \u0434\u043b\u044f \u0447\u0442\u0435\u043d\u0438\u044f":"9 \u043c\u0438\u043d\u0443\u0442"},"schema":{"@context":"https:\/\/schema.org","@graph":[{"@type":"WebPage","@id":"https:\/\/a24.lt\/stovykla\/","url":"https:\/\/a24.lt\/stovykla\/","name":"Stovykla - A24LT Gitaros pamok\u0173 studija","isPartOf":{"@id":"https:\/\/a24.lt\/#website"},"datePublished":"2024-04-04T14:12:58+00:00","dateModified":"2025-02-19T12:18:48+00:00","breadcrumb":{"@id":"https:\/\/a24.lt\/stovykla\/#breadcrumb"},"inLanguage":"ru-RU"},{"@type":"WebSite","@id":"https:\/\/a24.lt\/#website","url":"https:\/\/a24.lt\/","name":"Gitaros Pamokos","description":"","publisher":{"@id":"https:\/\/a24.lt\/#organization"},"potentialAction":[{"@type":"SearchAction","target":{"@type":"EntryPoint","urlTemplate":"https:\/\/a24.lt\/?s={search_term_string}"},"query-input":"required name=search_term_string"}],"inLanguage":"ru-RU"},{"@type":"Organization","@id":"https:\/\/a24.lt\/#organization","name":"Gitaros Pamokos","url":"https:\/\/a24.lt\/","logo":{"@type":"ImageObject","inLanguage":"ru-RU","@id":"https:\/\/a24.lt\/#\/schema\/logo\/image\/","url":"https:\/\/a24.lt\/wp-content\/uploads\/2024\/03\/1-2.png","contentUrl":"https:\/\/a24.lt\/wp-content\/uploads\/2024\/03\/1-2.png","width":5000,"height":1624,"caption":"Gitaros Pamokos"},"image":{"@id":"https:\/\/a24.lt\/#\/schema\/logo\/image\/"},"sameAs":["https:\/\/www.facebook.com\/a24ltu","https:\/\/www.instagram.com\/a24ltu\/","https:\/\/www.youtube.com\/@A24LT","https:\/\/www.tiktok.com\/@a24ltu"]}]}},"_links":{"self":[{"href":"https:\/\/a24.lt\/ru\/wp-json\/wp\/v2\/pages\/9527","targetHints":{"allow":["GET"]}}],"collection":[{"href":"https:\/\/a24.lt\/ru\/wp-json\/wp\/v2\/pages"}],"about":[{"href":"https:\/\/a24.lt\/ru\/wp-json\/wp\/v2\/types\/page"}],"author":[{"embeddable":true,"href":"https:\/\/a24.lt\/ru\/wp-json\/wp\/v2\/users\/1"}],"replies":[{"embeddable":true,"href":"https:\/\/a24.lt\/ru\/wp-json\/wp\/v2\/comments?post=9527"}],"version-history":[{"count":211,"href":"https:\/\/a24.lt\/ru\/wp-json\/wp\/v2\/pages\/9527\/revisions"}],"predecessor-version":[{"id":10179,"href":"https:\/\/a24.lt\/ru\/wp-json\/wp\/v2\/pages\/9527\/revisions\/10179"}],"wp:attachment":[{"href":"https:\/\/a24.lt\/ru\/wp-json\/wp\/v2\/media?parent=9527"}],"curies":[{"name":"wp","href":"https:\/\/api.w.org\/{rel}","templated":true}]}}