{"id":9852,"date":"2024-04-25T20:15:43","date_gmt":"2024-04-25T20:15:43","guid":{"rendered":"https:\/\/a24.lt\/?page_id=9852"},"modified":"2024-04-25T20:15:43","modified_gmt":"2024-04-25T20:15:43","slug":"karjera","status":"publish","type":"page","link":"https:\/\/a24.lt\/ru\/karjera\/","title":{"rendered":"Karjera"},"content":{"rendered":"<div class=\"wpb-content-wrapper\"><div class=\"vc_row wpb_row vc_row-fluid\"><div class=\"wpb_column vc_column_container vc_col-sm-6\"><div class=\"vc_column-inner\"><div class=\"wpb_wrapper\">\n\t<div class=\"wpb_text_column wpb_content_element\" >\n\t\t<div class=\"wpb_wrapper\">\n\t\t\t<h3>Prisijunkite prie m\u016bs\u0173 komandos kaip muzikos mokytojas!<\/h3>\n<p>Jei turite aistr\u0105 muzikai ir norite dalintis savo \u017einiomis su kitais, esame \u012fsitikin\u0119, kad gal\u0117tum\u0117te puikiai \u012fsilieti \u012f m\u016bs\u0173 kolektyv\u0105. Si\u016blome dinami\u0161k\u0105 darbo aplink\u0105, kurioje gal\u0117site augti tiek profesionaliai, tiek asmeni\u0161kai.<\/p>\n<p>Nor\u0117dami su\u017einoti daugiau apie darbo galimybes ir prisijungti prie m\u016bs\u0173 mokytoj\u0173 komandos, kvie\u010diame u\u017epildyti pateikt\u0105 form\u0105 \u017eemiau. \u012eveskite savo kontaktin\u0119 informacij\u0105 ir trumpai papasakokite apie savo patirt\u012f bei kvalifikacijas.<\/p>\n\n\t\t<\/div>\n\t<\/div>\n<\/div><\/div><\/div><div class=\"wpb_column vc_column_container vc_col-sm-6\"><div class=\"vc_column-inner\"><div class=\"wpb_wrapper\">\n\t<div class=\"wpb_text_column wpb_content_element\" >\n\t\t<div class=\"wpb_wrapper\">\n\t\t\t\n<div class=\"wpcf7 no-js\" id=\"wpcf7-f9853-o1\" lang=\"en-US\" dir=\"ltr\">\n<div class=\"screen-reader-response\"><p role=\"status\" aria-live=\"polite\" aria-atomic=\"true\"><\/p> <ul><\/ul><\/div>\n<form action=\"\/ru\/wp-json\/wp\/v2\/pages\/9852#wpcf7-f9853-o1\" method=\"post\" class=\"wpcf7-form init\" aria-label=\"Contact form\" novalidate=\"novalidate\" data-status=\"init\" data-trp-original-action=\"\/ru\/wp-json\/wp\/v2\/pages\/9852#wpcf7-f9853-o1\">\n<div style=\"display: none;\">\n<input type=\"hidden\" name=\"_wpcf7\" value=\"9853\" \/>\n<input type=\"hidden\" name=\"_wpcf7_version\" value=\"5.9.3\" \/>\n<input type=\"hidden\" name=\"_wpcf7_locale\" value=\"en_US\" \/>\n<input type=\"hidden\" name=\"_wpcf7_unit_tag\" value=\"wpcf7-f9853-o1\" \/>\n<input type=\"hidden\" name=\"_wpcf7_container_post\" value=\"0\" \/>\n<input type=\"hidden\" name=\"_wpcf7_posted_data_hash\" value=\"\" \/>\n<\/div>\n<p><span class=\"wpcf7-form-control-wrap\" data-name=\"Your\"><input size=\"40\" class=\"wpcf7-form-control wpcf7-text wpcf7-validates-as-required\" aria-required=\"true\" aria-invalid=\"false\" placeholder=\"Vardas\" value=\"\" type=\"text\" name=\"Your\" \/><\/span>\n<\/p>\n<p><span class=\"wpcf7-form-control-wrap\" data-name=\"tel-108\"><input size=\"40\" class=\"wpcf7-form-control wpcf7-tel wpcf7-validates-as-required wpcf7-text wpcf7-validates-as-tel\" aria-required=\"true\" aria-invalid=\"false\" placeholder=\"Telefonas\" value=\"\" type=\"tel\" name=\"tel-108\" \/><\/span>\n<\/p>\n<p><span class=\"wpcf7-form-control-wrap\" data-name=\"textarea-323\"><textarea cols=\"40\" rows=\"10\" class=\"wpcf7-form-control wpcf7-textarea wpcf7-validates-as-required\" aria-required=\"true\" aria-invalid=\"false\" placeholder=\"Trumpai apie save\" name=\"textarea-323\"><\/textarea><\/span><br \/>\n<input class=\"wpcf7-form-control wpcf7-submit has-spinner btn btn-color-primary btn-style-semi-round btn-full-width\" type=\"submit\" value=\"Si\u0173sti\" \/>\n<\/p><div class=\"wpcf7-response-output\" aria-hidden=\"true\"><\/div>\n<input type=\"hidden\" name=\"trp-form-language\" value=\"ru\"\/><\/form>\n<\/div>\n\n\n\t\t<\/div>\n\t<\/div>\n<\/div><\/div><\/div><\/div>\n<\/div>","protected":false},"excerpt":{"rendered":"Prisijunkite prie m\u016bs\u0173 komandos kaip muzikos mokytojas! Jei turite aistr\u0105 muzikai ir norite dalintis savo \u017einiomis su kitais, esame \u012fsitikin\u0119,","protected":false},"author":2,"featured_media":0,"parent":0,"menu_order":0,"comment_status":"closed","ping_status":"closed","template":"","meta":{"footnotes":""},"class_list":["post-9852","page","type-page","status-publish","hentry"],"yoast_head":"<!-- This site is optimized with the Yoast SEO plugin v22.5 - https:\/\/yoast.com\/wordpress\/plugins\/seo\/ -->\n<title>Karjera - A24LT Gitaros pamok\u0173 studija<\/title>\n<meta name=\"description\" content=\"Skaitykite daugiau apie mus, m\u016bs\u0173 paslaugas ir naujausias naujienas! Susisiekite su mumis ir u\u017esiregistruokite \u012f pamokas arba stovyklas. Esame \u010dia, kad pad\u0117tume jums atrasti gro\u017e\u012f ir malonum\u0105 muzikos pasaulyje.\" \/>\n<meta name=\"robots\" content=\"index, follow, max-snippet:-1, max-image-preview:large, max-video-preview:-1\" \/>\n<link rel=\"canonical\" href=\"https:\/\/a24.lt\/ru\/karjera\/\" \/>\n<meta property=\"og:locale\" content=\"ru_RU\" \/>\n<meta property=\"og:type\" content=\"article\" \/>\n<meta property=\"og:title\" content=\"Karjera - A24LT Gitaros pamok\u0173 studija\" \/>\n<meta property=\"og:description\" content=\"Skaitykite daugiau apie mus, m\u016bs\u0173 paslaugas ir naujausias naujienas! Susisiekite su mumis ir u\u017esiregistruokite \u012f pamokas arba stovyklas. Esame \u010dia, kad pad\u0117tume jums atrasti gro\u017e\u012f ir malonum\u0105 muzikos pasaulyje.\" \/>\n<meta property=\"og:url\" content=\"https:\/\/a24.lt\/ru\/karjera\/\" \/>\n<meta property=\"og:site_name\" content=\"A24LT Gitaros pamok\u0173 studija\" \/>\n<meta property=\"article:publisher\" content=\"https:\/\/www.facebook.com\/a24ltu\" \/>\n<meta name=\"twitter:card\" content=\"summary_large_image\" \/>\n<meta name=\"twitter:label1\" content=\"\u041f\u0440\u0438\u043c\u0435\u0440\u043d\u043e\u0435 \u0432\u0440\u0435\u043c\u044f \u0434\u043b\u044f \u0447\u0442\u0435\u043d\u0438\u044f\" \/>\n\t<meta name=\"twitter:data1\" content=\"1 \u043c\u0438\u043d\u0443\u0442\u0430\" \/>\n<script type=\"application\/ld+json\" class=\"yoast-schema-graph\">{\"@context\":\"https:\/\/schema.org\",\"@graph\":[{\"@type\":\"WebPage\",\"@id\":\"https:\/\/a24.lt\/karjera\/\",\"url\":\"https:\/\/a24.lt\/karjera\/\",\"name\":\"Karjera - A24LT Gitaros pamok\u0173 studija\",\"isPartOf\":{\"@id\":\"https:\/\/a24.lt\/#website\"},\"datePublished\":\"2024-04-25T20:15:43+00:00\",\"dateModified\":\"2024-04-25T20:15:43+00:00\",\"description\":\"Skaitykite daugiau apie mus, m\u016bs\u0173 paslaugas ir naujausias naujienas! Susisiekite su mumis ir u\u017esiregistruokite \u012f pamokas arba stovyklas. Esame \u010dia, kad pad\u0117tume jums atrasti gro\u017e\u012f ir malonum\u0105 muzikos pasaulyje.\",\"breadcrumb\":{\"@id\":\"https:\/\/a24.lt\/karjera\/#breadcrumb\"},\"inLanguage\":\"ru-RU\",\"potentialAction\":[{\"@type\":\"ReadAction\",\"target\":[\"https:\/\/a24.lt\/karjera\/\"]}]},{\"@type\":\"BreadcrumbList\",\"@id\":\"https:\/\/a24.lt\/karjera\/#breadcrumb\",\"itemListElement\":[{\"@type\":\"ListItem\",\"position\":1,\"name\":\"Home\",\"item\":\"https:\/\/a24.lt\/\"},{\"@type\":\"ListItem\",\"position\":2,\"name\":\"Karjera\"}]},{\"@type\":\"WebSite\",\"@id\":\"https:\/\/a24.lt\/#website\",\"url\":\"https:\/\/a24.lt\/\",\"name\":\"Gitaros Pamokos\",\"description\":\"\",\"publisher\":{\"@id\":\"https:\/\/a24.lt\/#organization\"},\"potentialAction\":[{\"@type\":\"SearchAction\",\"target\":{\"@type\":\"EntryPoint\",\"urlTemplate\":\"https:\/\/a24.lt\/?s={search_term_string}\"},\"query-input\":\"required name=search_term_string\"}],\"inLanguage\":\"ru-RU\"},{\"@type\":\"Organization\",\"@id\":\"https:\/\/a24.lt\/#organization\",\"name\":\"Gitaros Pamokos\",\"url\":\"https:\/\/a24.lt\/\",\"logo\":{\"@type\":\"ImageObject\",\"inLanguage\":\"ru-RU\",\"@id\":\"https:\/\/a24.lt\/#\/schema\/logo\/image\/\",\"url\":\"https:\/\/a24.lt\/wp-content\/uploads\/2024\/03\/1-2.png\",\"contentUrl\":\"https:\/\/a24.lt\/wp-content\/uploads\/2024\/03\/1-2.png\",\"width\":5000,\"height\":1624,\"caption\":\"Gitaros Pamokos\"},\"image\":{\"@id\":\"https:\/\/a24.lt\/#\/schema\/logo\/image\/\"},\"sameAs\":[\"https:\/\/www.facebook.com\/a24ltu\",\"https:\/\/www.instagram.com\/a24ltu\/\",\"https:\/\/www.youtube.com\/@A24LT\",\"https:\/\/www.tiktok.com\/@a24ltu\"]}]}<\/script>\n<!-- \/ Yoast SEO plugin. -->","yoast_head_json":{"title":"Karjera - A24LT Gitaros pamok\u0173 studija","description":"Skaitykite daugiau apie mus, m\u016bs\u0173 paslaugas ir naujausias naujienas! Susisiekite su mumis ir u\u017esiregistruokite \u012f pamokas arba stovyklas. Esame \u010dia, kad pad\u0117tume jums atrasti gro\u017e\u012f ir malonum\u0105 muzikos pasaulyje.","robots":{"index":"index","follow":"follow","max-snippet":"max-snippet:-1","max-image-preview":"max-image-preview:large","max-video-preview":"max-video-preview:-1"},"canonical":"https:\/\/a24.lt\/ru\/karjera\/","og_locale":"ru_RU","og_type":"article","og_title":"Karjera - A24LT Gitaros pamok\u0173 studija","og_description":"Skaitykite daugiau apie mus, m\u016bs\u0173 paslaugas ir naujausias naujienas! Susisiekite su mumis ir u\u017esiregistruokite \u012f pamokas arba stovyklas. Esame \u010dia, kad pad\u0117tume jums atrasti gro\u017e\u012f ir malonum\u0105 muzikos pasaulyje.","og_url":"https:\/\/a24.lt\/ru\/karjera\/","og_site_name":"A24LT Gitaros pamok\u0173 studija","article_publisher":"https:\/\/www.facebook.com\/a24ltu","twitter_card":"summary_large_image","twitter_misc":{"\u041f\u0440\u0438\u043c\u0435\u0440\u043d\u043e\u0435 \u0432\u0440\u0435\u043c\u044f \u0434\u043b\u044f \u0447\u0442\u0435\u043d\u0438\u044f":"1 \u043c\u0438\u043d\u0443\u0442\u0430"},"schema":{"@context":"https:\/\/schema.org","@graph":[{"@type":"WebPage","@id":"https:\/\/a24.lt\/karjera\/","url":"https:\/\/a24.lt\/karjera\/","name":"Karjera - A24LT Gitaros pamok\u0173 studija","isPartOf":{"@id":"https:\/\/a24.lt\/#website"},"datePublished":"2024-04-25T20:15:43+00:00","dateModified":"2024-04-25T20:15:43+00:00","description":"Skaitykite daugiau apie mus, m\u016bs\u0173 paslaugas ir naujausias naujienas! Susisiekite su mumis ir u\u017esiregistruokite \u012f pamokas arba stovyklas. Esame \u010dia, kad pad\u0117tume jums atrasti gro\u017e\u012f ir malonum\u0105 muzikos pasaulyje.","breadcrumb":{"@id":"https:\/\/a24.lt\/karjera\/#breadcrumb"},"inLanguage":"ru-RU","potentialAction":[{"@type":"ReadAction","target":["https:\/\/a24.lt\/karjera\/"]}]},{"@type":"BreadcrumbList","@id":"https:\/\/a24.lt\/karjera\/#breadcrumb","itemListElement":[{"@type":"ListItem","position":1,"name":"Home","item":"https:\/\/a24.lt\/"},{"@type":"ListItem","position":2,"name":"Karjera"}]},{"@type":"WebSite","@id":"https:\/\/a24.lt\/#website","url":"https:\/\/a24.lt\/","name":"Gitaros Pamokos","description":"","publisher":{"@id":"https:\/\/a24.lt\/#organization"},"potentialAction":[{"@type":"SearchAction","target":{"@type":"EntryPoint","urlTemplate":"https:\/\/a24.lt\/?s={search_term_string}"},"query-input":"required name=search_term_string"}],"inLanguage":"ru-RU"},{"@type":"Organization","@id":"https:\/\/a24.lt\/#organization","name":"Gitaros Pamokos","url":"https:\/\/a24.lt\/","logo":{"@type":"ImageObject","inLanguage":"ru-RU","@id":"https:\/\/a24.lt\/#\/schema\/logo\/image\/","url":"https:\/\/a24.lt\/wp-content\/uploads\/2024\/03\/1-2.png","contentUrl":"https:\/\/a24.lt\/wp-content\/uploads\/2024\/03\/1-2.png","width":5000,"height":1624,"caption":"Gitaros Pamokos"},"image":{"@id":"https:\/\/a24.lt\/#\/schema\/logo\/image\/"},"sameAs":["https:\/\/www.facebook.com\/a24ltu","https:\/\/www.instagram.com\/a24ltu\/","https:\/\/www.youtube.com\/@A24LT","https:\/\/www.tiktok.com\/@a24ltu"]}]}},"_links":{"self":[{"href":"https:\/\/a24.lt\/ru\/wp-json\/wp\/v2\/pages\/9852","targetHints":{"allow":["GET"]}}],"collection":[{"href":"https:\/\/a24.lt\/ru\/wp-json\/wp\/v2\/pages"}],"about":[{"href":"https:\/\/a24.lt\/ru\/wp-json\/wp\/v2\/types\/page"}],"author":[{"embeddable":true,"href":"https:\/\/a24.lt\/ru\/wp-json\/wp\/v2\/users\/2"}],"replies":[{"embeddable":true,"href":"https:\/\/a24.lt\/ru\/wp-json\/wp\/v2\/comments?post=9852"}],"version-history":[{"count":1,"href":"https:\/\/a24.lt\/ru\/wp-json\/wp\/v2\/pages\/9852\/revisions"}],"predecessor-version":[{"id":9854,"href":"https:\/\/a24.lt\/ru\/wp-json\/wp\/v2\/pages\/9852\/revisions\/9854"}],"wp:attachment":[{"href":"https:\/\/a24.lt\/ru\/wp-json\/wp\/v2\/media?parent=9852"}],"curies":[{"name":"wp","href":"https:\/\/api.w.org\/{rel}","templated":true}]}}